{"id":30636,"date":"2025-05-15T09:41:36","date_gmt":"2025-05-15T09:41:36","guid":{"rendered":"https:\/\/tierrasdelaveracruz.com\/politica-de-cookies\/"},"modified":"2026-04-13T17:45:50","modified_gmt":"2026-04-13T17:45:50","slug":"politique-de-cookies","status":"publish","type":"page","link":"https:\/\/tierrasdelaveracruz.com\/fr\/politique-de-cookies\/","title":{"rendered":"Pol\u00edtica de cookies"},"content":{"rendered":"<p>[et_pb_section fb_built=\u00a0\u00bb1&Prime; _builder_version=\u00a0\u00bb4.27.4&Prime; _module_preset=\u00a0\u00bbdefault\u00a0\u00bb custom_margin=\u00a0\u00bb0px|0px|0px|0px|false|false\u00a0\u00bb custom_padding=\u00a0\u00bb0px|0px|0px|0px|false|false\u00a0\u00bb global_colors_info=\u00a0\u00bb{}\u00a0\u00bb][et_pb_row _builder_version=\u00a0\u00bb4.27.4&Prime; _module_preset=\u00a0\u00bbdefault\u00a0\u00bb width=\u00a0\u00bb100%\u00a0\u00bb max_width=\u00a0\u00bb100%\u00a0\u00bb custom_margin=\u00a0\u00bb0px|0px|0px|0px|false|false\u00a0\u00bb custom_padding=\u00a0\u00bb10vh|10vw|20vh|10vw|false|false\u00a0\u00bb global_colors_info=\u00a0\u00bb{}\u00a0\u00bb][et_pb_column type=\u00a0\u00bb4_4&Prime; _builder_version=\u00a0\u00bb4.27.4&Prime; _module_preset=\u00a0\u00bbdefault\u00a0\u00bb global_colors_info=\u00a0\u00bb{}\u00a0\u00bb][et_pb_heading title=\u00a0\u00bbPolitique relative aux cookies\u00a0\u00bb _builder_version=\u00a0\u00bb4.27.4&Prime; _module_preset=\u00a0\u00bbdefault\u00a0\u00bb title_font_size=\u00a0\u00bb64px\u00a0\u00bb title_font_size_tablet=\u00a0\u00bb54px\u00a0\u00bb title_font_size_phone=\u00a0\u00bb36px\u00a0\u00bb title_font_size_last_edited=\u00a0\u00bbon|phone\u00a0\u00bb global_colors_info=\u00a0\u00bb{}\u00a0\u00bb][\/et_pb_heading][et_pb_text _builder_version=\u00a0\u00bb4.27.5&Prime; _module_preset=\u00a0\u00bbdefault\u00a0\u00bb hover_enabled=\u00a0\u00bb0&Prime; global_colors_info=\u00a0\u00bb{}\u00a0\u00bb sticky_enabled=\u00a0\u00bb0&Prime;]<\/p>\n<p data-start=\"8272\" data-end=\"8428\">INSTITUTO DE TURISMO DE LA REGI\u00d3N DE MURCIA informe sur l\u2019utilisation des cookies sur ses sites web : <a data-start=\"8374\" data-end=\"8406\" rel=\"noopener\" target=\"_new\" class=\"decorated-link\" href=\"https:\/\/tierrasdelaveracruz.com\/fr\/\">https:\/\/tierrasdelaveracruz.com\/<span aria-hidden=\"true\" class=\"ms-0.5 inline-block align-middle leading-none\"><svg xmlns=\"http:\/\/www.w3.org\/2000\/svg\" width=\"20\" height=\"20\" aria-hidden=\"true\" data-rtl-flip=\"\" class=\"block h-[0.75em] w-[0.75em] stroke-current stroke-[0.75]\"><use href=\"\/cdn\/assets\/sprites-core-ftjksuqy.svg#304883\" fill=\"currentColor\"><\/use><\/svg><\/span><\/a>, <a data-start=\"8408\" data-end=\"8428\" rel=\"noopener nofollow\" target=\"_new\" class=\"decorated-link\" href=\"https:\/\/www.itrem.es\">https:\/\/www.itrem.es<span aria-hidden=\"true\" class=\"ms-0.5 inline-block align-middle leading-none\"><svg xmlns=\"http:\/\/www.w3.org\/2000\/svg\" width=\"20\" height=\"20\" aria-hidden=\"true\" data-rtl-flip=\"\" class=\"block h-[0.75em] w-[0.75em] stroke-current stroke-[0.75]\"><use href=\"\/cdn\/assets\/sprites-core-ftjksuqy.svg#304883\" fill=\"currentColor\"><\/use><\/svg><\/span><\/a><\/p>\n<p data-start=\"8430\" data-end=\"8456\"><strong data-start=\"8430\" data-end=\"8456\">Que sont les cookies ?<\/strong><\/p>\n<p data-start=\"8458\" data-end=\"8955\">Les cookies sont des fichiers pouvant \u00eatre t\u00e9l\u00e9charg\u00e9s sur votre \u00e9quipement via les pages web. Ce sont des outils qui jouent un r\u00f4le essentiel dans la fourniture de nombreux services de la soci\u00e9t\u00e9 de l\u2019information. Entre autres, ils permettent \u00e0 un site web de stocker et de r\u00e9cup\u00e9rer des informations sur les habitudes de navigation d\u2019un utilisateur ou de son \u00e9quipement et, selon les informations obtenues, ils peuvent \u00eatre utilis\u00e9s pour reconna\u00eetre l\u2019utilisateur et am\u00e9liorer le service offert.<\/p>\n<p data-start=\"8957\" data-end=\"8977\"><strong data-start=\"8957\" data-end=\"8977\">Types de cookies<\/strong><\/p>\n<p data-start=\"8979\" data-end=\"9125\">Selon l\u2019entit\u00e9 qui g\u00e8re le domaine depuis lequel les cookies sont envoy\u00e9s et qui traite les donn\u00e9es obtenues, deux types peuvent \u00eatre distingu\u00e9s :<\/p>\n<p data-start=\"9127\" data-end=\"9352\">\u2013 <strong data-start=\"9129\" data-end=\"9150\">Cookies propres :<\/strong><br data-start=\"9150\" data-end=\"9153\" \/>Ce sont ceux qui sont envoy\u00e9s \u00e0 l\u2019\u00e9quipement terminal de l\u2019utilisateur depuis un \u00e9quipement ou un domaine g\u00e9r\u00e9 par l\u2019\u00e9diteur lui-m\u00eame et depuis lequel le service demand\u00e9 par l\u2019utilisateur est fourni.<\/p>\n<p data-start=\"9354\" data-end=\"9600\">\u2013 <strong data-start=\"9356\" data-end=\"9378\">Cookies de tiers :<\/strong><br data-start=\"9378\" data-end=\"9381\" \/>Ce sont ceux qui sont envoy\u00e9s \u00e0 l\u2019\u00e9quipement terminal de l\u2019utilisateur depuis un \u00e9quipement ou un domaine qui n\u2019est pas g\u00e9r\u00e9 par l\u2019\u00e9diteur, mais par une autre entit\u00e9 qui traite les donn\u00e9es obtenues au moyen des cookies.<\/p>\n<p data-start=\"9602\" data-end=\"9864\">Dans le cas o\u00f9 les cookies seraient install\u00e9s depuis un \u00e9quipement ou un domaine g\u00e9r\u00e9 par l\u2019\u00e9diteur lui-m\u00eame, mais que les informations recueillies par leur interm\u00e9diaire seraient g\u00e9r\u00e9es par un tiers, ils ne peuvent pas \u00eatre consid\u00e9r\u00e9s comme des cookies propres.<\/p>\n<p data-start=\"9866\" data-end=\"10015\">Il existe \u00e9galement une deuxi\u00e8me classification selon la dur\u00e9e pendant laquelle ils restent stock\u00e9s dans le navigateur du client, pouvant s\u2019agir de :<\/p>\n<p data-start=\"10017\" data-end=\"10354\">\u2013 <strong data-start=\"10019\" data-end=\"10043\">Cookies de session :<\/strong><br data-start=\"10043\" data-end=\"10046\" \/>Con\u00e7us pour recueillir et stocker des donn\u00e9es pendant que l\u2019utilisateur acc\u00e8de \u00e0 une page web. Ils sont g\u00e9n\u00e9ralement utilis\u00e9s pour stocker des informations qu\u2019il n\u2019est utile de conserver que pour la fourniture du service demand\u00e9 par l\u2019utilisateur \u00e0 une seule occasion (par ex. une liste de produits achet\u00e9s).<\/p>\n<p data-start=\"10356\" data-end=\"10587\">\u2013 <strong data-start=\"10358\" data-end=\"10383\">Cookies persistants :<\/strong><br data-start=\"10383\" data-end=\"10386\" \/>Les donn\u00e9es restent stock\u00e9es sur le terminal et peuvent \u00eatre consult\u00e9es et trait\u00e9es pendant une p\u00e9riode d\u00e9finie par le responsable du cookie, laquelle peut aller de quelques minutes \u00e0 plusieurs ann\u00e9es.<\/p>\n<p data-start=\"10589\" data-end=\"10717\">Enfin, il existe une autre classification comportant six types de cookies selon la finalit\u00e9 du traitement des donn\u00e9es obtenues :<\/p>\n<p data-start=\"10719\" data-end=\"11382\">\u2013 <strong data-start=\"10721\" data-end=\"10745\">Cookies techniques :<\/strong><br data-start=\"10745\" data-end=\"10748\" \/>Ce sont ceux qui permettent \u00e0 l\u2019utilisateur de naviguer sur un site web, une plateforme ou une application et d\u2019utiliser les diff\u00e9rentes options ou services qui y existent, comme par exemple contr\u00f4ler le trafic et la communication des donn\u00e9es, identifier la session, acc\u00e9der \u00e0 des zones \u00e0 acc\u00e8s restreint, m\u00e9moriser les \u00e9l\u00e9ments composant une commande, effectuer le processus d\u2019achat d\u2019une commande, faire une demande d\u2019inscription ou de participation \u00e0 un \u00e9v\u00e9nement, utiliser des \u00e9l\u00e9ments de s\u00e9curit\u00e9 pendant la navigation, stocker des contenus pour la diffusion de vid\u00e9os ou de sons ou partager des contenus sur les r\u00e9seaux sociaux.<\/p>\n<p data-start=\"11384\" data-end=\"11745\">\u2013 <strong data-start=\"11386\" data-end=\"11419\">Cookies de personnalisation :<\/strong><br data-start=\"11419\" data-end=\"11422\" \/>Ils permettent \u00e0 l\u2019utilisateur d\u2019acc\u00e9der au service avec certaines caract\u00e9ristiques g\u00e9n\u00e9rales pr\u00e9d\u00e9finies en fonction d\u2019une s\u00e9rie de crit\u00e8res sur le terminal de l\u2019utilisateur, comme la langue, le type de navigateur \u00e0 travers lequel il acc\u00e8de au service, la configuration r\u00e9gionale depuis laquelle il acc\u00e8de au service, etc.<\/p>\n<p data-start=\"11747\" data-end=\"12273\">\u2013 <strong data-start=\"11749\" data-end=\"11772\">Cookies d\u2019analyse :<\/strong><br data-start=\"11772\" data-end=\"11775\" \/>Ils permettent \u00e0 leur responsable de suivre et d\u2019analyser le comportement des utilisateurs des sites web auxquels ils sont li\u00e9s. Les informations recueillies au moyen de ce type de cookies sont utilis\u00e9es pour mesurer l\u2019activit\u00e9 des sites web, applications ou plateformes et pour \u00e9laborer des profils de navigation des utilisateurs de ces sites, applications et plateformes, afin d\u2019apporter des am\u00e9liorations en fonction de l\u2019analyse des donn\u00e9es d\u2019utilisation faites par les utilisateurs du service.<\/p>\n<p data-start=\"12275\" data-end=\"12401\">\u2013 <strong data-start=\"12277\" data-end=\"12304\">Cookies publicitaires :<\/strong><br data-start=\"12304\" data-end=\"12307\" \/>Ils permettent la gestion, de la mani\u00e8re la plus efficace possible, des espaces publicitaires.<\/p>\n<p data-start=\"12403\" data-end=\"12696\">\u2013 <strong data-start=\"12405\" data-end=\"12447\">Cookies de publicit\u00e9 comportementale :<\/strong><br data-start=\"12447\" data-end=\"12450\" \/>Ils stockent des informations sur le comportement des utilisateurs obtenues gr\u00e2ce \u00e0 l\u2019observation continue de leurs habitudes de navigation, ce qui permet de d\u00e9velopper un profil sp\u00e9cifique afin d\u2019afficher de la publicit\u00e9 en fonction de celui-ci.<\/p>\n<p data-start=\"12698\" data-end=\"13137\">\u2013 <strong data-start=\"12700\" data-end=\"12741\">Cookies de r\u00e9seaux sociaux externes :<\/strong><br data-start=\"12741\" data-end=\"12744\" \/>Ils sont utilis\u00e9s afin que les visiteurs puissent interagir avec le contenu de diff\u00e9rentes plateformes sociales (facebook, youtube, twitter, linkedIn, etc.) et sont g\u00e9n\u00e9r\u00e9s uniquement pour les utilisateurs de ces r\u00e9seaux sociaux. Les conditions d\u2019utilisation de ces cookies et les informations collect\u00e9es sont r\u00e9gies par la politique de confidentialit\u00e9 de la plateforme sociale correspondante.<\/p>\n<p data-start=\"13139\" data-end=\"13183\"><strong data-start=\"13139\" data-end=\"13183\">D\u00e9sactivation et suppression des cookies<\/strong><\/p>\n<p data-start=\"13185\" data-end=\"13817\">Vous avez la possibilit\u00e9 d\u2019autoriser, de bloquer ou de supprimer les cookies install\u00e9s sur votre \u00e9quipement en configurant les options du navigateur install\u00e9 sur votre \u00e9quipement. En d\u00e9sactivant les cookies, certains des services disponibles pourraient ne plus \u00eatre op\u00e9rationnels. La mani\u00e8re de d\u00e9sactiver les cookies est diff\u00e9rente pour chaque navigateur, mais elle peut g\u00e9n\u00e9ralement \u00eatre effectu\u00e9e depuis le menu Outils ou Options. Vous pouvez \u00e9galement consulter le menu Aide du navigateur, o\u00f9 vous trouverez des instructions. L\u2019utilisateur pourra \u00e0 tout moment choisir quels cookies il souhaite voir fonctionner sur ce site web.<\/p>\n<p data-start=\"13819\" data-end=\"13978\">Vous pouvez autoriser, bloquer ou supprimer les cookies install\u00e9s sur votre \u00e9quipement en configurant les options du navigateur install\u00e9 sur votre ordinateur :<\/p>\n<p data-start=\"13980\" data-end=\"14189\">\u2013 Microsoft Internet Explorer ou Microsoft Edge : Plus d\u2019informations<br data-start=\"14049\" data-end=\"14052\" \/>\u2013 Mozilla Firefox : Plus d\u2019informations<br data-start=\"14091\" data-end=\"14094\" \/>\u2013 Chrome : Plus d\u2019informations<br data-start=\"14124\" data-end=\"14127\" \/>\u2013 Safari : Plus d\u2019informations<br data-start=\"14157\" data-end=\"14160\" \/>\u2013 Opera : Plus d\u2019informations<\/p>\n<p data-start=\"14191\" data-end=\"14316\">En outre, vous pouvez \u00e9galement g\u00e9rer le stockage des cookies dans votre navigateur au moyen d\u2019outils tels que les suivants :<\/p>\n<p data-start=\"14318\" data-end=\"14354\">\u2013 <strong data-start=\"14320\" data-end=\"14334\">Ghostery :<\/strong><br data-start=\"14334\" data-end=\"14337\" \/><a data-start=\"14337\" data-end=\"14354\" rel=\"noopener nofollow\" target=\"_new\" class=\"decorated-link\" href=\"http:\/\/www.ghostery.com\/\">www.ghostery.com\/<span aria-hidden=\"true\" class=\"ms-0.5 inline-block align-middle leading-none\"><svg xmlns=\"http:\/\/www.w3.org\/2000\/svg\" width=\"20\" height=\"20\" aria-hidden=\"true\" data-rtl-flip=\"\" class=\"block h-[0.75em] w-[0.75em] stroke-current stroke-[0.75]\"><use href=\"\/cdn\/assets\/sprites-core-ftjksuqy.svg#304883\" fill=\"currentColor\"><\/use><\/svg><\/span><\/a><\/p>\n<p data-start=\"14356\" data-end=\"14415\">\u2013 <strong data-start=\"14358\" data-end=\"14383\">Your Online Choices :<\/strong><br data-start=\"14383\" data-end=\"14386\" \/><a data-start=\"14386\" data-end=\"14415\" rel=\"noopener nofollow\" target=\"_new\" class=\"decorated-link\" href=\"http:\/\/www.youronlinechoices.com\/es\/\">www.youronlinechoices.com\/es\/<span aria-hidden=\"true\" class=\"ms-0.5 inline-block align-middle leading-none\"><svg xmlns=\"http:\/\/www.w3.org\/2000\/svg\" width=\"20\" height=\"20\" aria-hidden=\"true\" data-rtl-flip=\"\" class=\"block h-[0.75em] w-[0.75em] stroke-current stroke-[0.75]\"><use href=\"\/cdn\/assets\/sprites-core-ftjksuqy.svg#304883\" fill=\"currentColor\"><\/use><\/svg><\/span><\/a><\/p>\n<p data-start=\"14417\" data-end=\"14496\"><strong data-start=\"14417\" data-end=\"14496\">Cookies utilis\u00e9s sur <a data-start=\"14440\" data-end=\"14472\" rel=\"noopener\" target=\"_new\" class=\"decorated-link\" href=\"https:\/\/tierrasdelaveracruz.com\/fr\/\">https:\/\/tierrasdelaveracruz.com\/<span aria-hidden=\"true\" class=\"ms-0.5 inline-block align-middle leading-none\"><svg xmlns=\"http:\/\/www.w3.org\/2000\/svg\" width=\"20\" height=\"20\" aria-hidden=\"true\" data-rtl-flip=\"\" class=\"block h-[0.75em] w-[0.75em] stroke-current stroke-[0.75]\"><use href=\"\/cdn\/assets\/sprites-core-ftjksuqy.svg#304883\" fill=\"currentColor\"><\/use><\/svg><\/span><\/a>, <a data-start=\"14474\" data-end=\"14494\" rel=\"noopener nofollow\" target=\"_new\" class=\"decorated-link\" href=\"https:\/\/www.itrem.es\">https:\/\/www.itrem.es<span aria-hidden=\"true\" class=\"ms-0.5 inline-block align-middle leading-none\"><svg xmlns=\"http:\/\/www.w3.org\/2000\/svg\" width=\"20\" height=\"20\" aria-hidden=\"true\" data-rtl-flip=\"\" class=\"block h-[0.75em] w-[0.75em] stroke-current stroke-[0.75]\"><use href=\"\/cdn\/assets\/sprites-core-ftjksuqy.svg#304883\" fill=\"currentColor\"><\/use><\/svg><\/span><\/a><\/strong><\/p>\n<p data-start=\"14498\" data-end=\"14606\">Les cookies utilis\u00e9s sur ce portail, ainsi que leur typologie et leur fonction, sont identifi\u00e9s ci-dessous :<\/p>\n<p data-start=\"14608\" data-end=\"14942\"><strong data-start=\"14608\" data-end=\"14624\">TECHNIQUES :<\/strong> Ce sont des cookies PROPRES, de session, d\u2019identification, de configuration et d\u2019enregistrement, strictement n\u00e9cessaires \u00e0 l\u2019identification de l\u2019utilisateur et \u00e0 la fourniture des services demand\u00e9s par celui-ci. Les informations obtenues gr\u00e2ce \u00e0 ceux-ci sont trait\u00e9es uniquement par <a data-start=\"14908\" data-end=\"14940\" rel=\"noopener\" target=\"_new\" class=\"decorated-link\" href=\"https:\/\/tierrasdelaveracruz.com\/fr\/\">https:\/\/tierrasdelaveracruz.com\/<span aria-hidden=\"true\" class=\"ms-0.5 inline-block align-middle leading-none\"><svg xmlns=\"http:\/\/www.w3.org\/2000\/svg\" width=\"20\" height=\"20\" aria-hidden=\"true\" data-rtl-flip=\"\" class=\"block h-[0.75em] w-[0.75em] stroke-current stroke-[0.75]\"><use href=\"\/cdn\/assets\/sprites-core-ftjksuqy.svg#304883\" fill=\"currentColor\"><\/use><\/svg><\/span><\/a> .<\/p>\n<p data-start=\"14944\" data-end=\"15339\"><strong data-start=\"14944\" data-end=\"14959\">D\u2019ANALYSE :<\/strong> Ce sont ceux qui, qu\u2019ils soient trait\u00e9s par nous-m\u00eames ou par des tiers, nous permettent de quantifier le nombre d\u2019utilisateurs et ainsi de r\u00e9aliser la mesure et l\u2019analyse statistique de l\u2019utilisation que les utilisateurs font du service offert. Pour cela, votre navigation sur notre site web est analys\u00e9e afin d\u2019am\u00e9liorer l\u2019offre de produits ou services que nous vous proposons.<\/p>\n<p data-start=\"15341\" data-end=\"15513\">Les informations obtenues par les cookies d\u2019analyse sont trait\u00e9es par <a data-start=\"15411\" data-end=\"15443\" rel=\"noopener\" target=\"_new\" class=\"decorated-link\" href=\"https:\/\/tierrasdelaveracruz.com\/fr\/\">https:\/\/tierrasdelaveracruz.com\/<span aria-hidden=\"true\" class=\"ms-0.5 inline-block align-middle leading-none\"><svg xmlns=\"http:\/\/www.w3.org\/2000\/svg\" width=\"20\" height=\"20\" aria-hidden=\"true\" data-rtl-flip=\"\" class=\"block h-[0.75em] w-[0.75em] stroke-current stroke-[0.75]\"><use href=\"\/cdn\/assets\/sprites-core-ftjksuqy.svg#304883\" fill=\"currentColor\"><\/use><\/svg><\/span><\/a> et par un tiers ( Google Analytics <a data-start=\"15479\" data-end=\"15511\" rel=\"noopener nofollow\" target=\"_new\" class=\"decorated-link\" href=\"http:\/\/www.google.com\/analytics\/\">http:\/\/www.google.com\/analytics\/<span aria-hidden=\"true\" class=\"ms-0.5 inline-block align-middle leading-none\"><svg xmlns=\"http:\/\/www.w3.org\/2000\/svg\" width=\"20\" height=\"20\" aria-hidden=\"true\" data-rtl-flip=\"\" class=\"block h-[0.75em] w-[0.75em] stroke-current stroke-[0.75]\"><use href=\"\/cdn\/assets\/sprites-core-ftjksuqy.svg#304883\" fill=\"currentColor\"><\/use><\/svg><\/span><\/a> )<\/p>\n<p data-start=\"15515\" data-end=\"15567\">Cette application a \u00e9t\u00e9 d\u00e9velopp\u00e9e par <a data-start=\"15554\" data-end=\"15567\" rel=\"noopener nofollow\" target=\"_new\" class=\"decorated-link\" href=\"http:\/\/www.google.es\">www.google.es<span aria-hidden=\"true\" class=\"ms-0.5 inline-block align-middle leading-none\"><svg xmlns=\"http:\/\/www.w3.org\/2000\/svg\" width=\"20\" height=\"20\" aria-hidden=\"true\" data-rtl-flip=\"\" class=\"block h-[0.75em] w-[0.75em] stroke-current stroke-[0.75]\"><use href=\"\/cdn\/assets\/sprites-core-ftjksuqy.svg#304883\" fill=\"currentColor\"><\/use><\/svg><\/span><\/a><\/p>\n<p data-start=\"15569\" data-end=\"15766\">Cette entreprise nous fournit le service d\u2019analyse de l\u2019audience de notre page et peut utiliser ces donn\u00e9es pour am\u00e9liorer ses propres services et pour proposer des services \u00e0 d\u2019autres entreprises.<\/p>\n<p data-start=\"15768\" data-end=\"15836\">Vous pouvez conna\u00eetre ces usages et d\u2019autres via les liens indiqu\u00e9s.<\/p>\n<p data-start=\"15838\" data-end=\"16428\">Cet outil n\u2019obtient pas de donn\u00e9es sur les noms ou pr\u00e9noms des utilisateurs ni sur l\u2019adresse postale depuis laquelle ils se connectent. Les informations qu\u2019il obtient sont li\u00e9es au nombre de pages visit\u00e9es, \u00e0 la langue, au r\u00e9seau social sur lequel nos services sont publi\u00e9s, \u00e0 la ville \u00e0 laquelle est attribu\u00e9e l\u2019adresse IP depuis laquelle les utilisateurs acc\u00e8dent, au nombre d\u2019utilisateurs qui nous visitent, \u00e0 la fr\u00e9quence et \u00e0 la r\u00e9currence des visites, \u00e0 la dur\u00e9e de la visite, au navigateur qu\u2019ils utilisent, \u00e0 l\u2019op\u00e9rateur ou au type de terminal depuis lequel la visite est effectu\u00e9e.<\/p>\n<p data-start=\"16430\" data-end=\"16631\">Nous utilisons ces informations pour am\u00e9liorer notre page, d\u00e9tecter de nouveaux besoins et \u00e9valuer les am\u00e9liorations \u00e0 introduire afin de fournir un meilleur service aux utilisateurs qui nous visitent.<\/p>\n<p data-start=\"16633\" data-end=\"16675\"><strong data-start=\"16633\" data-end=\"16675\">Acceptation de la Politique de cookies<\/strong><\/p>\n<p data-start=\"16677\" data-end=\"16959\"><a data-start=\"16677\" data-end=\"16709\" rel=\"noopener\" target=\"_new\" class=\"decorated-link\" href=\"https:\/\/tierrasdelaveracruz.com\/fr\/\">https:\/\/tierrasdelaveracruz.com\/<span aria-hidden=\"true\" class=\"ms-0.5 inline-block align-middle leading-none\"><svg xmlns=\"http:\/\/www.w3.org\/2000\/svg\" width=\"20\" height=\"20\" aria-hidden=\"true\" data-rtl-flip=\"\" class=\"block h-[0.75em] w-[0.75em] stroke-current stroke-[0.75]\"><use href=\"\/cdn\/assets\/sprites-core-ftjksuqy.svg#304883\" fill=\"currentColor\"><\/use><\/svg><\/span><\/a>, <a data-start=\"16711\" data-end=\"16731\" rel=\"noopener nofollow\" target=\"_new\" class=\"decorated-link\" href=\"https:\/\/www.itrem.es\">https:\/\/www.itrem.es<span aria-hidden=\"true\" class=\"ms-0.5 inline-block align-middle leading-none\"><svg xmlns=\"http:\/\/www.w3.org\/2000\/svg\" width=\"20\" height=\"20\" aria-hidden=\"true\" data-rtl-flip=\"\" class=\"block h-[0.75em] w-[0.75em] stroke-current stroke-[0.75]\"><use href=\"\/cdn\/assets\/sprites-core-ftjksuqy.svg#304883\" fill=\"currentColor\"><\/use><\/svg><\/span><\/a>, consid\u00e8re que vous acceptez l\u2019utilisation des cookies. Toutefois, il affiche des informations sur sa Politique de cookies en bas ou en haut de toute page du portail \u00e0 chaque ouverture de session afin que vous en soyez inform\u00e9.<\/p>\n<p data-start=\"16961\" data-end=\"17483\">Face \u00e0 ces informations, il est possible d\u2019effectuer les actions suivantes :<br data-start=\"17037\" data-end=\"17040\" \/>\u2013 <strong data-start=\"17042\" data-end=\"17068\">Accepter les cookies :<\/strong><br data-start=\"17068\" data-end=\"17071\" \/>Cet avis ne sera plus affich\u00e9 lors de l\u2019acc\u00e8s \u00e0 toute page du portail pendant la session en cours.<br data-start=\"17169\" data-end=\"17172\" \/>\u2013 <strong data-start=\"17174\" data-end=\"17186\">Fermer :<\/strong><br data-start=\"17186\" data-end=\"17189\" \/>L\u2019avis est masqu\u00e9 sur la page en cours.<br data-start=\"17228\" data-end=\"17231\" \/>\u2013 <strong data-start=\"17233\" data-end=\"17267\">Modifier votre configuration :<\/strong><br data-start=\"17267\" data-end=\"17270\" \/>Vous pourrez obtenir plus d\u2019informations sur ce que sont les cookies, conna\u00eetre la Politique de cookies de : <a data-start=\"17379\" data-end=\"17411\" rel=\"noopener\" target=\"_new\" class=\"decorated-link\" href=\"https:\/\/tierrasdelaveracruz.com\/fr\/\">https:\/\/tierrasdelaveracruz.com\/<span aria-hidden=\"true\" class=\"ms-0.5 inline-block align-middle leading-none\"><svg xmlns=\"http:\/\/www.w3.org\/2000\/svg\" width=\"20\" height=\"20\" aria-hidden=\"true\" data-rtl-flip=\"\" class=\"block h-[0.75em] w-[0.75em] stroke-current stroke-[0.75]\"><use href=\"\/cdn\/assets\/sprites-core-ftjksuqy.svg#304883\" fill=\"currentColor\"><\/use><\/svg><\/span><\/a>, <a data-start=\"17413\" data-end=\"17433\" rel=\"noopener nofollow\" target=\"_new\" class=\"decorated-link\" href=\"https:\/\/www.itrem.es\">https:\/\/www.itrem.es<span aria-hidden=\"true\" class=\"ms-0.5 inline-block align-middle leading-none\"><svg xmlns=\"http:\/\/www.w3.org\/2000\/svg\" width=\"20\" height=\"20\" aria-hidden=\"true\" data-rtl-flip=\"\" class=\"block h-[0.75em] w-[0.75em] stroke-current stroke-[0.75]\"><use href=\"\/cdn\/assets\/sprites-core-ftjksuqy.svg#304883\" fill=\"currentColor\"><\/use><\/svg><\/span><\/a> et modifier la configuration de votre navigateur.<\/p>\n<p>[\/et_pb_text][\/et_pb_column][\/et_pb_row][\/et_pb_section]<\/p>\n","protected":false},"excerpt":{"rendered":"<p>INSTITUTO DE TURISMO DE LA REGI\u00d3N DE MURCIA informe sur l\u2019utilisation des cookies sur ses sites web : https:\/\/tierrasdelaveracruz.com\/, https:\/\/www.itrem.es Que sont les cookies ? Les cookies sont des fichiers pouvant \u00eatre t\u00e9l\u00e9charg\u00e9s sur votre \u00e9quipement via les pages web. Ce sont des outils qui jouent un r\u00f4le essentiel dans la fourniture de nombreux services [&hellip;]<\/p>\n","protected":false},"author":1,"featured_media":0,"parent":0,"menu_order":0,"comment_status":"closed","ping_status":"closed","template":"","meta":{"_acf_changed":false,"_et_pb_use_builder":"on","_et_pb_old_content":"","_et_gb_content_width":"","footnotes":""},"class_list":["post-30636","page","type-page","status-publish","hentry"],"acf":[],"_links":{"self":[{"href":"https:\/\/tierrasdelaveracruz.com\/fr\/wp-json\/wp\/v2\/pages\/30636","targetHints":{"allow":["GET"]}}],"collection":[{"href":"https:\/\/tierrasdelaveracruz.com\/fr\/wp-json\/wp\/v2\/pages"}],"about":[{"href":"https:\/\/tierrasdelaveracruz.com\/fr\/wp-json\/wp\/v2\/types\/page"}],"author":[{"embeddable":true,"href":"https:\/\/tierrasdelaveracruz.com\/fr\/wp-json\/wp\/v2\/users\/1"}],"replies":[{"embeddable":true,"href":"https:\/\/tierrasdelaveracruz.com\/fr\/wp-json\/wp\/v2\/comments?post=30636"}],"version-history":[{"count":6,"href":"https:\/\/tierrasdelaveracruz.com\/fr\/wp-json\/wp\/v2\/pages\/30636\/revisions"}],"predecessor-version":[{"id":34857,"href":"https:\/\/tierrasdelaveracruz.com\/fr\/wp-json\/wp\/v2\/pages\/30636\/revisions\/34857"}],"wp:attachment":[{"href":"https:\/\/tierrasdelaveracruz.com\/fr\/wp-json\/wp\/v2\/media?parent=30636"}],"curies":[{"name":"wp","href":"https:\/\/api.w.org\/{rel}","templated":true}]}}