{"id":30675,"date":"2025-05-12T08:12:04","date_gmt":"2025-05-12T08:12:04","guid":{"rendered":"https:\/\/tierrasdelaveracruz.com\/politica-de-privacidad\/"},"modified":"2026-04-09T15:32:31","modified_gmt":"2026-04-09T15:32:31","slug":"politica-de-privacidad","status":"publish","type":"page","link":"https:\/\/tierrasdelaveracruz.com\/de\/politica-de-privacidad\/","title":{"rendered":"Pol\u00edtica de privacidad"},"content":{"rendered":"<p>[et_pb_section fb_built=&#8220;1&#8243; _builder_version=&#8220;4.27.4&#8243; _module_preset=&#8220;default&#8220; custom_margin=&#8220;0px|0px|0px|0px|false|false&#8220; custom_padding=&#8220;0px|0px|0px|0px|false|false&#8220; global_colors_info=&#8220;{}&#8220;][et_pb_row _builder_version=&#8220;4.27.4&#8243; _module_preset=&#8220;default&#8220; width=&#8220;100%&#8220; max_width=&#8220;100%&#8220; custom_margin=&#8220;0px|0px|0px|0px|false|false&#8220; custom_padding=&#8220;10vh|10vw|20vh|10vw|false|false&#8220; global_colors_info=&#8220;{}&#8220;][et_pb_column type=&#8220;4_4&#8243; _builder_version=&#8220;4.27.4&#8243; _module_preset=&#8220;default&#8220; global_colors_info=&#8220;{}&#8220;][et_pb_heading title=&#8220;Datenschutzerkl\u00e4rung&#8220; _builder_version=&#8220;4.27.4&#8243; _module_preset=&#8220;default&#8220; title_font_size=&#8220;64px&#8220; title_font_size_tablet=&#8220;54px&#8220; title_font_size_phone=&#8220;36px&#8220; title_font_size_last_edited=&#8220;on|phone&#8220; global_colors_info=&#8220;{}&#8220;][\/et_pb_heading][et_pb_text _builder_version=&#8220;4.27.5&#8243; _module_preset=&#8220;default&#8220; hover_enabled=&#8220;0&#8243; global_colors_info=&#8220;{}&#8220; sticky_enabled=&#8220;0&#8243;]<\/p>\n<p data-start=\"11755\" data-end=\"12154\">INSTITUTO DE TURISMO DE LA REGI\u00d3N DE MURCIA informiert in Anwendung der geltenden Vorschriften zum Schutz personenbezogener Daten dar\u00fcber, dass die \u00fcber die Websites <a data-start=\"11921\" data-end=\"11953\" rel=\"noopener\" target=\"_new\" class=\"decorated-link\" href=\"https:\/\/tierrasdelaveracruz.com\/de\/\">https:\/\/tierrasdelaveracruz.com\/<span aria-hidden=\"true\" class=\"ms-0.5 inline-block align-middle leading-none\"><svg xmlns=\"http:\/\/www.w3.org\/2000\/svg\" width=\"20\" height=\"20\" aria-hidden=\"true\" data-rtl-flip=\"\" class=\"block h-[0.75em] w-[0.75em] stroke-current stroke-[0.75]\"><use href=\"\/cdn\/assets\/sprites-core-ftjksuqy.svg#304883\" fill=\"currentColor\"><\/use><\/svg><\/span><\/a> und <a data-start=\"11958\" data-end=\"11978\" rel=\"noopener nofollow\" target=\"_new\" class=\"decorated-link\" href=\"https:\/\/www.itrem.es\">https:\/\/www.itrem.es<span aria-hidden=\"true\" class=\"ms-0.5 inline-block align-middle leading-none\"><svg xmlns=\"http:\/\/www.w3.org\/2000\/svg\" width=\"20\" height=\"20\" aria-hidden=\"true\" data-rtl-flip=\"\" class=\"block h-[0.75em] w-[0.75em] stroke-current stroke-[0.75]\"><use href=\"\/cdn\/assets\/sprites-core-ftjksuqy.svg#304883\" fill=\"currentColor\"><\/use><\/svg><\/span><\/a> erhobenen personenbezogenen Daten in spezifische automatisierte Verarbeitungssysteme f\u00fcr Nutzer der Dienste von INSTITUTO DE TURISMO DE LA REGI\u00d3N DE MURCIA aufgenommen werden.<\/p>\n<p data-start=\"12156\" data-end=\"12621\">Die Daten werden zu dem Zweck verarbeitet, Besuche, Verkehr und Navigation des Nutzers gem\u00e4\u00df der Cookie-Richtlinie zu analysieren, Anfragen \u00fcber das Kontaktformular und andere Bereiche zu beantworten, den Versand von vom Nutzer ausdr\u00fccklich angeforderten Informationsmitteilungen zu verwalten, die Gesch\u00e4ftsbeziehung aufrechtzuerhalten sowie Informations-, Schulungs-, Beratungs- und sonstige T\u00e4tigkeiten von INSTITUTO DE TURISMO DE LA REGI\u00d3N DE MURCIA auszuf\u00fchren.<\/p>\n<p data-start=\"12623\" data-end=\"12836\">Zus\u00e4tzlich werden die Daten verarbeitet, um den Betrieb des unter <a data-start=\"12689\" data-end=\"12721\" rel=\"noopener\" target=\"_new\" class=\"decorated-link\" href=\"https:\/\/tierrasdelaveracruz.com\/de\/\">https:\/\/tierrasdelaveracruz.com\/<span aria-hidden=\"true\" class=\"ms-0.5 inline-block align-middle leading-none\"><svg xmlns=\"http:\/\/www.w3.org\/2000\/svg\" width=\"20\" height=\"20\" aria-hidden=\"true\" data-rtl-flip=\"\" class=\"block h-[0.75em] w-[0.75em] stroke-current stroke-[0.75]\"><use href=\"\/cdn\/assets\/sprites-core-ftjksuqy.svg#304883\" fill=\"currentColor\"><\/use><\/svg><\/span><\/a> verf\u00fcgbaren Chatbots sowie dessen Training und Verbesserung gem\u00e4\u00df den Angaben im Rechtlichen Hinweis zu verwalten.<\/p>\n<p data-start=\"12838\" data-end=\"12969\">Die Daten werden ausschlie\u00dflich an diejenigen Stellen weitergegeben, die zur Erf\u00fcllung der oben genannten Zwecke erforderlich sind.<\/p>\n<p data-start=\"12971\" data-end=\"13463\">INSTITUTO DE TURISMO DE LA REGI\u00d3N DE MURCIA ergreift die erforderlichen Ma\u00dfnahmen, um die Sicherheit, Integrit\u00e4t und Vertraulichkeit der Daten gem\u00e4\u00df der Verordnung (EU) 2016\/679 des Europ\u00e4ischen Parlaments und des Rates vom 27. April 2016 zum Schutz nat\u00fcrlicher Personen bei der Verarbeitung personenbezogener Daten und zum freien Datenverkehr sowie dem spanischen Organgesetz 3\/2018 vom 5. Dezember zum Schutz personenbezogener Daten und zur Gew\u00e4hrleistung digitaler Rechte zu gew\u00e4hrleisten.<\/p>\n<p data-start=\"13465\" data-end=\"13788\">Der Nutzer kann jederzeit die in den vorgenannten Vorschriften anerkannten Rechte auf Auskunft, Widerspruch, Berichtigung, L\u00f6schung, Einschr\u00e4nkung und Daten\u00fcbertragbarkeit per E-Mail an <a data-start=\"13651\" data-end=\"13686\" class=\"decorated-link cursor-pointer\" rel=\"noopener\">protecciondatositrem@listas.carm.es<span aria-hidden=\"true\" class=\"ms-0.5 inline-block align-middle leading-none\"><svg xmlns=\"http:\/\/www.w3.org\/2000\/svg\" width=\"20\" height=\"20\" aria-hidden=\"true\" data-rtl-flip=\"\" class=\"block h-[0.75em] w-[0.75em] stroke-current stroke-[0.75]\"><use href=\"\/cdn\/assets\/sprites-core-ftjksuqy.svg#304883\" fill=\"currentColor\"><\/use><\/svg><\/span><\/a> oder an folgende Anschrift aus\u00fcben: Avd Juana Jugan, N\u00ba2 (Geb\u00e4ude Cct), C.P. 30006 &#8211; Murcia (Murcia).<\/p>\n<p data-start=\"13790\" data-end=\"14010\">Der Nutzer erkl\u00e4rt, dass alle von ihm bereitgestellten Daten wahr und richtig sind, und verpflichtet sich, diese auf dem neuesten Stand zu halten und \u00c4nderungen an INSTITUTO DE TURISMO DE LA REGI\u00d3N DE MURCIA mitzuteilen.<\/p>\n<p data-start=\"14012\" data-end=\"14062\"><strong data-start=\"14012\" data-end=\"14062\">Zweck der Verarbeitung personenbezogener Daten<\/strong><\/p>\n<p data-start=\"14064\" data-end=\"14178\">Bei INSTITUTO DE TURISMO DE LA REGI\u00d3N DE MURCIA verarbeiten wir Ihre personenbezogenen Daten zu folgenden Zwecken:<\/p>\n<ol data-start=\"14180\" data-end=\"14952\">\n<li data-section-id=\"16vo0ct\" data-start=\"14180\" data-end=\"14559\">Im Falle des Vertragsabschlusses \u00fcber die \u00fcber <a data-start=\"14230\" data-end=\"14262\" rel=\"noopener\" target=\"_new\" class=\"decorated-link\" href=\"https:\/\/tierrasdelaveracruz.com\/de\/\">https:\/\/tierrasdelaveracruz.com\/<span aria-hidden=\"true\" class=\"ms-0.5 inline-block align-middle leading-none\"><svg xmlns=\"http:\/\/www.w3.org\/2000\/svg\" width=\"20\" height=\"20\" aria-hidden=\"true\" data-rtl-flip=\"\" class=\"block h-[0.75em] w-[0.75em] stroke-current stroke-[0.75]\"><use href=\"\/cdn\/assets\/sprites-core-ftjksuqy.svg#304883\" fill=\"currentColor\"><\/use><\/svg><\/span><\/a> und <a data-start=\"14267\" data-end=\"14287\" rel=\"noopener nofollow\" target=\"_new\" class=\"decorated-link\" href=\"https:\/\/www.itrem.es\">https:\/\/www.itrem.es<span aria-hidden=\"true\" class=\"ms-0.5 inline-block align-middle leading-none\"><svg xmlns=\"http:\/\/www.w3.org\/2000\/svg\" width=\"20\" height=\"20\" aria-hidden=\"true\" data-rtl-flip=\"\" class=\"block h-[0.75em] w-[0.75em] stroke-current stroke-[0.75]\"><use href=\"\/cdn\/assets\/sprites-core-ftjksuqy.svg#304883\" fill=\"currentColor\"><\/use><\/svg><\/span><\/a> angebotenen Waren und Dienstleistungen, um die Vertragsbeziehung aufrechtzuerhalten, vorvertragliche Ma\u00dfnahmen zu ergreifen sowie die Verwaltung, Information, Erbringung und Verbesserung des Dienstes und die Erf\u00fcllung unserer gesetzlichen Verpflichtungen sicherzustellen.<\/li>\n<li data-section-id=\"1hhy71\" data-start=\"14561\" data-end=\"14712\">Versand von Informationen, die \u00fcber die auf <a data-start=\"14608\" data-end=\"14640\" rel=\"noopener\" target=\"_new\" class=\"decorated-link\" href=\"https:\/\/tierrasdelaveracruz.com\/de\/\">https:\/\/tierrasdelaveracruz.com\/<span aria-hidden=\"true\" class=\"ms-0.5 inline-block align-middle leading-none\"><svg xmlns=\"http:\/\/www.w3.org\/2000\/svg\" width=\"20\" height=\"20\" aria-hidden=\"true\" data-rtl-flip=\"\" class=\"block h-[0.75em] w-[0.75em] stroke-current stroke-[0.75]\"><use href=\"\/cdn\/assets\/sprites-core-ftjksuqy.svg#304883\" fill=\"currentColor\"><\/use><\/svg><\/span><\/a> und <a data-start=\"14645\" data-end=\"14665\" rel=\"noopener nofollow\" target=\"_new\" class=\"decorated-link\" href=\"https:\/\/www.itrem.es\">https:\/\/www.itrem.es<span aria-hidden=\"true\" class=\"ms-0.5 inline-block align-middle leading-none\"><svg xmlns=\"http:\/\/www.w3.org\/2000\/svg\" width=\"20\" height=\"20\" aria-hidden=\"true\" data-rtl-flip=\"\" class=\"block h-[0.75em] w-[0.75em] stroke-current stroke-[0.75]\"><use href=\"\/cdn\/assets\/sprites-core-ftjksuqy.svg#304883\" fill=\"currentColor\"><\/use><\/svg><\/span><\/a> bereitgestellten Formulare angefordert werden.<\/li>\n<li data-section-id=\"1ovjeny\" data-start=\"14714\" data-end=\"14884\">Versand von Newslettern sowie kommerziellen Mitteilungen \u00fcber Werbeaktionen und\/oder Werbung von <a data-start=\"14814\" data-end=\"14846\" rel=\"noopener\" target=\"_new\" class=\"decorated-link\" href=\"https:\/\/tierrasdelaveracruz.com\/de\/\">https:\/\/tierrasdelaveracruz.com\/<span aria-hidden=\"true\" class=\"ms-0.5 inline-block align-middle leading-none\"><svg xmlns=\"http:\/\/www.w3.org\/2000\/svg\" width=\"20\" height=\"20\" aria-hidden=\"true\" data-rtl-flip=\"\" class=\"block h-[0.75em] w-[0.75em] stroke-current stroke-[0.75]\"><use href=\"\/cdn\/assets\/sprites-core-ftjksuqy.svg#304883\" fill=\"currentColor\"><\/use><\/svg><\/span><\/a>, <a data-start=\"14848\" data-end=\"14868\" rel=\"noopener nofollow\" target=\"_new\" class=\"decorated-link\" href=\"https:\/\/www.itrem.es\">https:\/\/www.itrem.es<span aria-hidden=\"true\" class=\"ms-0.5 inline-block align-middle leading-none\"><svg xmlns=\"http:\/\/www.w3.org\/2000\/svg\" width=\"20\" height=\"20\" aria-hidden=\"true\" data-rtl-flip=\"\" class=\"block h-[0.75em] w-[0.75em] stroke-current stroke-[0.75]\"><use href=\"\/cdn\/assets\/sprites-core-ftjksuqy.svg#304883\" fill=\"currentColor\"><\/use><\/svg><\/span><\/a> und dem Sektor.<\/li>\n<li data-section-id=\"1xryssj\" data-start=\"14886\" data-end=\"14952\">Verbesserung des Trainings und der Funktionsweise des Chatbots.<\/li>\n<\/ol>\n<p data-start=\"14954\" data-end=\"15563\">Wir erinnern Sie daran, dass Sie Ihre Einwilligung zum Erhalt kommerzieller Mitteilungen jederzeit und auf jedem Wege widerrufen k\u00f6nnen, indem Sie eine E-Mail an die oben angegebene Adresse senden. Im Falle von Nutzern, die zuvor Dienstleistungen von INSTITUTO DE TURISMO DE LA REGI\u00d3N DE MURCIA in Anspruch genommen haben, k\u00f6nnen wir solche Mitteilungen auf Grundlage unseres berechtigten Interesses versenden, sofern sie sich auf zuvor bei INSTITUTO DE TURISMO DE LA REGI\u00d3N DE MURCIA beauftragte Aktivit\u00e4ten, Produkte oder Dienstleistungen beziehen; unbeschadet dessen k\u00f6nnen Sie dem jederzeit widersprechen.<\/p>\n<p data-start=\"15565\" data-end=\"15689\">Die Felder in diesen Formularen sind Pflichtfelder; ohne diese Angaben ist die Erf\u00fcllung der genannten Zwecke nicht m\u00f6glich.<\/p>\n<p data-start=\"15691\" data-end=\"15761\"><strong data-start=\"15691\" data-end=\"15761\">Wie lange werden die erhobenen personenbezogenen Daten aufbewahrt?<\/strong><\/p>\n<p data-start=\"15763\" data-end=\"16017\">Die bereitgestellten personenbezogenen Daten werden so lange aufbewahrt, wie die Gesch\u00e4ftsbeziehung besteht oder bis Sie deren L\u00f6schung verlangen, sowie f\u00fcr den Zeitraum, in dem gesetzliche Haftungen aus den erbrachten Dienstleistungen entstehen k\u00f6nnten.<\/p>\n<p data-start=\"16019\" data-end=\"16122\">Im Falle einer Anmeldung zu unseren Bulletins oder Newslettern werden die Daten unbefristet aufbewahrt.<\/p>\n<p data-start=\"16124\" data-end=\"16436\">In Bezug auf die in den Chatbot eingegebenen Daten werden die Gespr\u00e4che nur f\u00fcr einen Zeitraum von drei\u00dfig Tagen im Browser des Nutzers gespeichert. Die \u00fcbrigen Daten werden ordnungsgem\u00e4\u00df entkoppelt oder anonymisiert, von jedem Nutzer getrennt und f\u00fcr das Training und die Verbesserung dieses Dienstes verwendet.<\/p>\n<p data-start=\"16438\" data-end=\"16457\"><strong data-start=\"16438\" data-end=\"16457\">Rechtsgrundlage<\/strong><\/p>\n<p data-start=\"16459\" data-end=\"16537\">Die Verarbeitung Ihrer Daten erfolgt auf Grundlage folgender Rechtsgrundlagen:<\/p>\n<p data-start=\"16539\" data-end=\"17244\">Die Ergreifung vorvertraglicher Ma\u00dfnahmen und\/oder der Abschluss von Vertr\u00e4gen \u00fcber die Dienste von INSTITUTO DE TURISMO DE LA REGI\u00d3N DE MURCIA, deren Gesch\u00e4ftsbedingungen Ihnen in jedem Fall vor einem m\u00f6glichen Vertragsabschluss zur Verf\u00fcgung gestellt werden.<br data-start=\"16799\" data-end=\"16802\" \/>Die Erf\u00fcllung unserer administrativen, steuerlichen und buchhalterischen Verpflichtungen im Zusammenhang mit dem Abschluss der oben genannten Dienstleistungen.<br data-start=\"16961\" data-end=\"16964\" \/>Die frei, spezifisch, informiert und unmissverst\u00e4ndlich erteilte Einwilligung in Bezug auf die \u00fcbrigen Verarbeitungsvorg\u00e4nge, sofern nicht unser berechtigtes Interesse f\u00fcr den Versand elektronischer kommerzieller Mitteilungen unter den oben genannten Bedingungen Anwendung findet.<\/p>\n<p data-start=\"17246\" data-end=\"17539\">Falls Sie uns Ihre Daten nicht zur Verf\u00fcgung stellen oder dies fehlerhaft oder unvollst\u00e4ndig tun, k\u00f6nnen wir Ihre Anfrage nicht bearbeiten, sodass es v\u00f6llig unm\u00f6glich ist, Ihnen die angeforderten Informationen bereitzustellen oder den Vertragsabschluss \u00fcber die Dienstleistungen durchzuf\u00fchren.<\/p>\n<p data-start=\"17541\" data-end=\"17554\"><strong data-start=\"17541\" data-end=\"17554\">Empf\u00e4nger<\/strong><\/p>\n<p data-start=\"17556\" data-end=\"17805\">Die Daten werden an keinen Dritten au\u00dferhalb von INSTITUTO DE TURISMO DE LA REGI\u00d3N DE MURCIA weitergegeben, au\u00dfer wenn eine gesetzliche Verpflichtung besteht oder dies f\u00fcr die Erf\u00fcllung der vertraglich vereinbarten Dienstleistungen erforderlich ist.<\/p>\n<p>[\/et_pb_text][\/et_pb_column][\/et_pb_row][\/et_pb_section]<\/p>\n","protected":false},"excerpt":{"rendered":"<p>INSTITUTO DE TURISMO DE LA REGI\u00d3N DE MURCIA informiert in Anwendung der geltenden Vorschriften zum Schutz personenbezogener Daten dar\u00fcber, dass die \u00fcber die Websites https:\/\/tierrasdelaveracruz.com\/ und https:\/\/www.itrem.es erhobenen personenbezogenen Daten in spezifische automatisierte Verarbeitungssysteme f\u00fcr Nutzer der Dienste von INSTITUTO DE TURISMO DE LA REGI\u00d3N DE MURCIA aufgenommen werden. Die Daten werden zu dem Zweck [&hellip;]<\/p>\n","protected":false},"author":1,"featured_media":0,"parent":0,"menu_order":0,"comment_status":"closed","ping_status":"open","template":"","meta":{"_acf_changed":false,"_et_pb_use_builder":"on","_et_pb_old_content":"","_et_gb_content_width":"","footnotes":""},"class_list":["post-30675","page","type-page","status-publish","hentry"],"acf":[],"_links":{"self":[{"href":"https:\/\/tierrasdelaveracruz.com\/de\/wp-json\/wp\/v2\/pages\/30675","targetHints":{"allow":["GET"]}}],"collection":[{"href":"https:\/\/tierrasdelaveracruz.com\/de\/wp-json\/wp\/v2\/pages"}],"about":[{"href":"https:\/\/tierrasdelaveracruz.com\/de\/wp-json\/wp\/v2\/types\/page"}],"author":[{"embeddable":true,"href":"https:\/\/tierrasdelaveracruz.com\/de\/wp-json\/wp\/v2\/users\/1"}],"replies":[{"embeddable":true,"href":"https:\/\/tierrasdelaveracruz.com\/de\/wp-json\/wp\/v2\/comments?post=30675"}],"version-history":[{"count":5,"href":"https:\/\/tierrasdelaveracruz.com\/de\/wp-json\/wp\/v2\/pages\/30675\/revisions"}],"predecessor-version":[{"id":30696,"href":"https:\/\/tierrasdelaveracruz.com\/de\/wp-json\/wp\/v2\/pages\/30675\/revisions\/30696"}],"wp:attachment":[{"href":"https:\/\/tierrasdelaveracruz.com\/de\/wp-json\/wp\/v2\/media?parent=30675"}],"curies":[{"name":"wp","href":"https:\/\/api.w.org\/{rel}","templated":true}]}}