{"id":30644,"date":"2025-05-15T09:41:36","date_gmt":"2025-05-15T09:41:36","guid":{"rendered":"https:\/\/tierrasdelaveracruz.com\/politica-de-cookies\/"},"modified":"2026-04-09T15:23:42","modified_gmt":"2026-04-09T15:23:42","slug":"politica-de-cookies","status":"publish","type":"page","link":"https:\/\/tierrasdelaveracruz.com\/de\/politica-de-cookies\/","title":{"rendered":"Pol\u00edtica de cookies"},"content":{"rendered":"<p>[et_pb_section fb_built=&#8220;1&#8243; _builder_version=&#8220;4.27.4&#8243; _module_preset=&#8220;default&#8220; custom_margin=&#8220;0px|0px|0px|0px|false|false&#8220; custom_padding=&#8220;0px|0px|0px|0px|false|false&#8220; global_colors_info=&#8220;{}&#8220;][et_pb_row _builder_version=&#8220;4.27.4&#8243; _module_preset=&#8220;default&#8220; width=&#8220;100%&#8220; max_width=&#8220;100%&#8220; custom_margin=&#8220;0px|0px|0px|0px|false|false&#8220; custom_padding=&#8220;10vh|10vw|20vh|10vw|false|false&#8220; global_colors_info=&#8220;{}&#8220;][et_pb_column type=&#8220;4_4&#8243; _builder_version=&#8220;4.27.4&#8243; _module_preset=&#8220;default&#8220; global_colors_info=&#8220;{}&#8220;][et_pb_heading title=&#8220;Cookie-Richtlinie&#8220; _builder_version=&#8220;4.27.4&#8243; _module_preset=&#8220;default&#8220; title_font_size=&#8220;64px&#8220; title_font_size_tablet=&#8220;54px&#8220; title_font_size_phone=&#8220;36px&#8220; title_font_size_last_edited=&#8220;on|phone&#8220; global_colors_info=&#8220;{}&#8220;][\/et_pb_heading][et_pb_text _builder_version=&#8220;4.27.5&#8243; _module_preset=&#8220;default&#8220; hover_enabled=&#8220;0&#8243; global_colors_info=&#8220;{}&#8220; sticky_enabled=&#8220;0&#8243;]<\/p>\n<p data-start=\"17501\" data-end=\"17663\">INSTITUTO DE TURISMO DE LA REGI\u00d3N DE MURCIA informiert \u00fcber die Verwendung von Cookies auf seinen Websites: <a data-start=\"17609\" data-end=\"17641\" rel=\"noopener\" target=\"_new\" class=\"decorated-link\" href=\"https:\/\/tierrasdelaveracruz.com\/de\/\">https:\/\/tierrasdelaveracruz.com\/<span aria-hidden=\"true\" class=\"ms-0.5 inline-block align-middle leading-none\"><svg xmlns=\"http:\/\/www.w3.org\/2000\/svg\" width=\"20\" height=\"20\" aria-hidden=\"true\" data-rtl-flip=\"\" class=\"block h-[0.75em] w-[0.75em] stroke-current stroke-[0.75]\"><use href=\"\/cdn\/assets\/sprites-core-ftjksuqy.svg#304883\" fill=\"currentColor\"><\/use><\/svg><\/span><\/a>, <a data-start=\"17643\" data-end=\"17663\" rel=\"noopener nofollow\" target=\"_new\" class=\"decorated-link\" href=\"https:\/\/www.itrem.es\">https:\/\/www.itrem.es<span aria-hidden=\"true\" class=\"ms-0.5 inline-block align-middle leading-none\"><svg xmlns=\"http:\/\/www.w3.org\/2000\/svg\" width=\"20\" height=\"20\" aria-hidden=\"true\" data-rtl-flip=\"\" class=\"block h-[0.75em] w-[0.75em] stroke-current stroke-[0.75]\"><use href=\"\/cdn\/assets\/sprites-core-ftjksuqy.svg#304883\" fill=\"currentColor\"><\/use><\/svg><\/span><\/a><\/p>\n<p data-start=\"17665\" data-end=\"17686\"><strong data-start=\"17665\" data-end=\"17686\">Was sind Cookies?<\/strong><\/p>\n<p data-start=\"17688\" data-end=\"18165\">Cookies sind Dateien, die \u00fcber Webseiten auf Ihr Ger\u00e4t heruntergeladen werden k\u00f6nnen. Sie sind Werkzeuge, die eine wesentliche Rolle bei der Bereitstellung zahlreicher Dienste der Informationsgesellschaft spielen. Unter anderem erm\u00f6glichen sie es einer Website, Informationen \u00fcber das Surfverhalten eines Nutzers oder seines Ger\u00e4ts zu speichern und abzurufen und, abh\u00e4ngig von den erhaltenen Informationen, den Nutzer wiederzuerkennen und den angebotenen Service zu verbessern.<\/p>\n<p data-start=\"18167\" data-end=\"18188\"><strong data-start=\"18167\" data-end=\"18188\">Arten von Cookies<\/strong><\/p>\n<p data-start=\"18190\" data-end=\"18354\">Je nachdem, welche Stelle die Domain verwaltet, von der aus die Cookies gesendet werden, und die erhaltenen Daten verarbeitet, lassen sich zwei Arten unterscheiden:<\/p>\n<p data-start=\"18356\" data-end=\"18593\">\u2013 <strong data-start=\"18358\" data-end=\"18377\">Eigene Cookies:<\/strong><br data-start=\"18377\" data-end=\"18380\" \/>Dies sind Cookies, die an das Endger\u00e4t des Nutzers von einem Ger\u00e4t oder einer Domain gesendet werden, die vom Herausgeber selbst verwaltet werden und von denen aus der vom Nutzer angeforderte Dienst erbracht wird.<\/p>\n<p data-start=\"18595\" data-end=\"18861\">\u2013 <strong data-start=\"18597\" data-end=\"18621\">Cookies von Dritten:<\/strong><br data-start=\"18621\" data-end=\"18624\" \/>Dies sind Cookies, die an das Endger\u00e4t des Nutzers von einem Ger\u00e4t oder einer Domain gesendet werden, die nicht vom Herausgeber, sondern von einer anderen Stelle verwaltet werden, welche die \u00fcber die Cookies erhaltenen Daten verarbeitet.<\/p>\n<p data-start=\"18863\" data-end=\"19110\">Falls Cookies von einem Ger\u00e4t oder einer Domain installiert werden, die vom Herausgeber selbst verwaltet werden, die dar\u00fcber erhobenen Informationen jedoch von einem Dritten verarbeitet werden, k\u00f6nnen sie nicht als eigene Cookies angesehen werden.<\/p>\n<p data-start=\"19112\" data-end=\"19224\">Es gibt au\u00dferdem eine zweite Klassifizierung nach der Dauer, die sie im Browser des Nutzers gespeichert bleiben:<\/p>\n<p data-start=\"19226\" data-end=\"19558\">\u2013 <strong data-start=\"19228\" data-end=\"19249\">Sitzungs-Cookies:<\/strong><br data-start=\"19249\" data-end=\"19252\" \/>Diese sind daf\u00fcr ausgelegt, Daten zu sammeln und zu speichern, w\u00e4hrend der Nutzer auf eine Webseite zugreift. Sie werden in der Regel verwendet, um Informationen zu speichern, die nur f\u00fcr die Bereitstellung des vom Nutzer einmalig angeforderten Dienstes relevant sind (z. B. eine Liste gekaufter Produkte).<\/p>\n<p data-start=\"19560\" data-end=\"19806\">\u2013 <strong data-start=\"19562\" data-end=\"19586\">Persistente Cookies:<\/strong><br data-start=\"19586\" data-end=\"19589\" \/>Die Daten bleiben auf dem Endger\u00e4t gespeichert und k\u00f6nnen f\u00fcr einen vom Verantwortlichen des Cookies festgelegten Zeitraum abgerufen und verarbeitet werden, der von einigen Minuten bis zu mehreren Jahren reichen kann.<\/p>\n<p data-start=\"19808\" data-end=\"19951\">Schlie\u00dflich gibt es eine weitere Klassifizierung mit sechs Arten von Cookies je nach dem Zweck, zu dem die erhaltenen Daten verarbeitet werden:<\/p>\n<p data-start=\"19953\" data-end=\"20615\">\u2013 <strong data-start=\"19955\" data-end=\"19978\">Technische Cookies:<\/strong><br data-start=\"19978\" data-end=\"19981\" \/>Diese erm\u00f6glichen dem Nutzer die Navigation durch eine Website, Plattform oder Anwendung und die Nutzung der dort vorhandenen verschiedenen Optionen oder Dienste, wie z. B. die Steuerung des Datenverkehrs und der Datenkommunikation, die Identifizierung der Sitzung, den Zugang zu Bereichen mit eingeschr\u00e4nktem Zugang, das Speichern der Bestandteile einer Bestellung, die Durchf\u00fchrung des Kaufvorgangs, die Anmeldung oder Teilnahme an einer Veranstaltung, die Nutzung von Sicherheitselementen w\u00e4hrend der Navigation, das Speichern von Inhalten f\u00fcr die Wiedergabe von Videos oder Ton oder das Teilen von Inhalten \u00fcber soziale Netzwerke.<\/p>\n<p data-start=\"20617\" data-end=\"20988\">\u2013 <strong data-start=\"20619\" data-end=\"20649\">Personalisierungs-Cookies:<\/strong><br data-start=\"20649\" data-end=\"20652\" \/>Sie erm\u00f6glichen dem Nutzer den Zugriff auf den Dienst mit einigen allgemeinen, vordefinierten Merkmalen, die auf einer Reihe von Kriterien auf dem Endger\u00e4t des Nutzers beruhen, wie z. B. die Sprache, der Browsertyp, \u00fcber den auf den Dienst zugegriffen wird, die regionale Konfiguration, von der aus auf den Dienst zugegriffen wird, usw.<\/p>\n<p data-start=\"20990\" data-end=\"21455\">\u2013 <strong data-start=\"20992\" data-end=\"21012\">Analyse-Cookies:<\/strong><br data-start=\"21012\" data-end=\"21015\" \/>Sie erm\u00f6glichen dem Verantwortlichen die Verfolgung und Analyse des Verhaltens der Nutzer der Websites, mit denen sie verkn\u00fcpft sind. Die durch diese Art von Cookies gesammelten Informationen werden verwendet, um die Aktivit\u00e4t der Websites, Anwendungen oder Plattformen zu messen und Surfprofile der Nutzer dieser Websites, Anwendungen und Plattformen zu erstellen, um auf Grundlage der Analyse der Nutzungsdaten Verbesserungen einzuf\u00fchren.<\/p>\n<p data-start=\"21457\" data-end=\"21547\">\u2013 <strong data-start=\"21459\" data-end=\"21477\">Werbe-Cookies:<\/strong><br data-start=\"21477\" data-end=\"21480\" \/>Sie erm\u00f6glichen die m\u00f6glichst wirksame Verwaltung der Werbefl\u00e4chen.<\/p>\n<p data-start=\"21549\" data-end=\"21826\">\u2013 <strong data-start=\"21551\" data-end=\"21588\">Verhaltensbezogene Werbe-Cookies:<\/strong><br data-start=\"21588\" data-end=\"21591\" \/>Sie speichern Informationen \u00fcber das Verhalten der Nutzer, die durch die fortlaufende Beobachtung ihrer Surfgewohnheiten gewonnen werden, wodurch ein spezifisches Profil erstellt werden kann, um Werbung auf dieser Grundlage anzuzeigen.<\/p>\n<p data-start=\"21828\" data-end=\"22244\">\u2013 <strong data-start=\"21830\" data-end=\"21870\">Cookies externer sozialer Netzwerke:<\/strong><br data-start=\"21870\" data-end=\"21873\" \/>Sie werden verwendet, damit Besucher mit Inhalten auf verschiedenen sozialen Plattformen (facebook, youtube, twitter, linkedIn, etc.) interagieren k\u00f6nnen, und werden nur f\u00fcr Nutzer dieser sozialen Netzwerke erzeugt. Die Nutzungsbedingungen dieser Cookies und die gesammelten Informationen werden durch die Datenschutzrichtlinie der jeweiligen sozialen Plattform geregelt.<\/p>\n<p data-start=\"22246\" data-end=\"22288\"><strong data-start=\"22246\" data-end=\"22288\">Deaktivierung und L\u00f6schung von Cookies<\/strong><\/p>\n<p data-start=\"22290\" data-end=\"22934\">Sie haben die M\u00f6glichkeit, die auf Ihrem Ger\u00e4t installierten Cookies \u00fcber die Einstellungen des auf Ihrem Ger\u00e4t installierten Browsers zuzulassen, zu blockieren oder zu l\u00f6schen. Durch die Deaktivierung von Cookies k\u00f6nnen einige der verf\u00fcgbaren Dienste unter Umst\u00e4nden nicht mehr ordnungsgem\u00e4\u00df funktionieren. Die Art und Weise, Cookies zu deaktivieren, ist bei jedem Browser unterschiedlich, kann aber normalerweise \u00fcber das Men\u00fc \u201eWerkzeuge\u201c oder \u201eOptionen\u201c erfolgen. Sie k\u00f6nnen auch das Hilfemen\u00fc des Browsers konsultieren, in dem Sie Anweisungen finden. Der Nutzer kann jederzeit w\u00e4hlen, welche Cookies auf dieser Website funktionieren sollen.<\/p>\n<p data-start=\"22936\" data-end=\"23092\">Sie k\u00f6nnen die auf Ihrem Ger\u00e4t installierten Cookies \u00fcber die Einstellungen des auf Ihrem Computer installierten Browsers zulassen, blockieren oder l\u00f6schen:<\/p>\n<p data-start=\"23094\" data-end=\"23310\">\u2013 Microsoft Internet Explorer oder Microsoft Edge: Weitere Informationen<br data-start=\"23166\" data-end=\"23169\" \/>\u2013 Mozilla Firefox: Weitere Informationen<br data-start=\"23209\" data-end=\"23212\" \/>\u2013 Chrome: Weitere Informationen<br data-start=\"23243\" data-end=\"23246\" \/>\u2013 Safari: Weitere Informationen<br data-start=\"23277\" data-end=\"23280\" \/>\u2013 Opera: Weitere Informationen<\/p>\n<p data-start=\"23312\" data-end=\"23410\">Dar\u00fcber hinaus k\u00f6nnen Sie den Cookie-Speicher in Ihrem Browser auch mit folgenden Tools verwalten:<\/p>\n<p data-start=\"23412\" data-end=\"23447\">\u2013 <strong data-start=\"23414\" data-end=\"23427\">Ghostery:<\/strong><br data-start=\"23427\" data-end=\"23430\" \/><a data-start=\"23430\" data-end=\"23447\" rel=\"noopener nofollow\" target=\"_new\" class=\"decorated-link\" href=\"http:\/\/www.ghostery.com\/\">www.ghostery.com\/<span aria-hidden=\"true\" class=\"ms-0.5 inline-block align-middle leading-none\"><svg xmlns=\"http:\/\/www.w3.org\/2000\/svg\" width=\"20\" height=\"20\" aria-hidden=\"true\" data-rtl-flip=\"\" class=\"block h-[0.75em] w-[0.75em] stroke-current stroke-[0.75]\"><use href=\"\/cdn\/assets\/sprites-core-ftjksuqy.svg#304883\" fill=\"currentColor\"><\/use><\/svg><\/span><\/a><\/p>\n<p data-start=\"23449\" data-end=\"23507\">\u2013 <strong data-start=\"23451\" data-end=\"23475\">Your Online Choices:<\/strong><br data-start=\"23475\" data-end=\"23478\" \/><a data-start=\"23478\" data-end=\"23507\" rel=\"noopener nofollow\" target=\"_new\" class=\"decorated-link\" href=\"http:\/\/www.youronlinechoices.com\/es\/\">www.youronlinechoices.com\/es\/<span aria-hidden=\"true\" class=\"ms-0.5 inline-block align-middle leading-none\"><svg xmlns=\"http:\/\/www.w3.org\/2000\/svg\" width=\"20\" height=\"20\" aria-hidden=\"true\" data-rtl-flip=\"\" class=\"block h-[0.75em] w-[0.75em] stroke-current stroke-[0.75]\"><use href=\"\/cdn\/assets\/sprites-core-ftjksuqy.svg#304883\" fill=\"currentColor\"><\/use><\/svg><\/span><\/a><\/p>\n<p data-start=\"23509\" data-end=\"23590\"><strong data-start=\"23509\" data-end=\"23590\">Auf <a data-start=\"23515\" data-end=\"23547\" rel=\"noopener\" target=\"_new\" class=\"decorated-link\" href=\"https:\/\/tierrasdelaveracruz.com\/de\/\">https:\/\/tierrasdelaveracruz.com\/<span aria-hidden=\"true\" class=\"ms-0.5 inline-block align-middle leading-none\"><svg xmlns=\"http:\/\/www.w3.org\/2000\/svg\" width=\"20\" height=\"20\" aria-hidden=\"true\" data-rtl-flip=\"\" class=\"block h-[0.75em] w-[0.75em] stroke-current stroke-[0.75]\"><use href=\"\/cdn\/assets\/sprites-core-ftjksuqy.svg#304883\" fill=\"currentColor\"><\/use><\/svg><\/span><\/a>, <a data-start=\"23549\" data-end=\"23569\" rel=\"noopener nofollow\" target=\"_new\" class=\"decorated-link\" href=\"https:\/\/www.itrem.es\">https:\/\/www.itrem.es<span aria-hidden=\"true\" class=\"ms-0.5 inline-block align-middle leading-none\"><svg xmlns=\"http:\/\/www.w3.org\/2000\/svg\" width=\"20\" height=\"20\" aria-hidden=\"true\" data-rtl-flip=\"\" class=\"block h-[0.75em] w-[0.75em] stroke-current stroke-[0.75]\"><use href=\"\/cdn\/assets\/sprites-core-ftjksuqy.svg#304883\" fill=\"currentColor\"><\/use><\/svg><\/span><\/a> verwendete Cookies<\/strong><\/p>\n<p data-start=\"23592\" data-end=\"23698\">Nachfolgend werden die auf diesem Portal verwendeten Cookies sowie ihre Typologie und Funktion aufgef\u00fchrt:<\/p>\n<p data-start=\"23700\" data-end=\"24065\"><strong data-start=\"23700\" data-end=\"23715\">TECHNISCHE:<\/strong> Dies sind EIGENE Cookies, Sitzungs-, Identifizierungs-, Konfigurations- und Registrierungs-Cookies, die f\u00fcr die Identifizierung des Nutzers und f\u00fcr die Erbringung der vom Nutzer angeforderten Dienste unbedingt erforderlich sind. Die durch diese Cookies gewonnenen Informationen werden ausschlie\u00dflich von <a data-start=\"24020\" data-end=\"24052\" rel=\"noopener\" target=\"_new\" class=\"decorated-link\" href=\"https:\/\/tierrasdelaveracruz.com\/de\/\">https:\/\/tierrasdelaveracruz.com\/<span aria-hidden=\"true\" class=\"ms-0.5 inline-block align-middle leading-none\"><svg xmlns=\"http:\/\/www.w3.org\/2000\/svg\" width=\"20\" height=\"20\" aria-hidden=\"true\" data-rtl-flip=\"\" class=\"block h-[0.75em] w-[0.75em] stroke-current stroke-[0.75]\"><use href=\"\/cdn\/assets\/sprites-core-ftjksuqy.svg#304883\" fill=\"currentColor\"><\/use><\/svg><\/span><\/a> verarbeitet.<\/p>\n<p data-start=\"24067\" data-end=\"24478\"><strong data-start=\"24067\" data-end=\"24079\">ANALYSE:<\/strong> Dies sind Cookies, die, ob von uns oder von Dritten verarbeitet, es uns erm\u00f6glichen, die Anzahl der Nutzer zu quantifizieren und so die statistische Messung und Analyse der Nutzung des angebotenen Dienstes durch die Nutzer durchzuf\u00fchren. Zu diesem Zweck wird Ihr Surfverhalten auf unserer Website analysiert, um das Angebot an Produkten oder Dienstleistungen, die wir Ihnen anbieten, zu verbessern.<\/p>\n<p data-start=\"24480\" data-end=\"24662\">Die durch Analyse-Cookies gewonnenen Informationen werden von <a data-start=\"24542\" data-end=\"24574\" rel=\"noopener\" target=\"_new\" class=\"decorated-link\" href=\"https:\/\/tierrasdelaveracruz.com\/de\/\">https:\/\/tierrasdelaveracruz.com\/<span aria-hidden=\"true\" class=\"ms-0.5 inline-block align-middle leading-none\"><svg xmlns=\"http:\/\/www.w3.org\/2000\/svg\" width=\"20\" height=\"20\" aria-hidden=\"true\" data-rtl-flip=\"\" class=\"block h-[0.75em] w-[0.75em] stroke-current stroke-[0.75]\"><use href=\"\/cdn\/assets\/sprites-core-ftjksuqy.svg#304883\" fill=\"currentColor\"><\/use><\/svg><\/span><\/a> und von einem Dritten verarbeitet ( Google Analytics <a data-start=\"24628\" data-end=\"24660\" rel=\"noopener nofollow\" target=\"_new\" class=\"decorated-link\" href=\"http:\/\/www.google.com\/analytics\/\">http:\/\/www.google.com\/analytics\/<span aria-hidden=\"true\" class=\"ms-0.5 inline-block align-middle leading-none\"><svg xmlns=\"http:\/\/www.w3.org\/2000\/svg\" width=\"20\" height=\"20\" aria-hidden=\"true\" data-rtl-flip=\"\" class=\"block h-[0.75em] w-[0.75em] stroke-current stroke-[0.75]\"><use href=\"\/cdn\/assets\/sprites-core-ftjksuqy.svg#304883\" fill=\"currentColor\"><\/use><\/svg><\/span><\/a> )<\/p>\n<p data-start=\"24664\" data-end=\"24715\">Diese Anwendung wurde von <a data-start=\"24690\" data-end=\"24703\" rel=\"noopener nofollow\" target=\"_new\" class=\"decorated-link\" href=\"http:\/\/www.google.es\">www.google.es<span aria-hidden=\"true\" class=\"ms-0.5 inline-block align-middle leading-none\"><svg xmlns=\"http:\/\/www.w3.org\/2000\/svg\" width=\"20\" height=\"20\" aria-hidden=\"true\" data-rtl-flip=\"\" class=\"block h-[0.75em] w-[0.75em] stroke-current stroke-[0.75]\"><use href=\"\/cdn\/assets\/sprites-core-ftjksuqy.svg#304883\" fill=\"currentColor\"><\/use><\/svg><\/span><\/a> entwickelt.<\/p>\n<p data-start=\"24717\" data-end=\"24922\">Dieses Unternehmen erbringt f\u00fcr uns den Dienst der Analyse der Besucherzahlen unserer Website und kann diese Daten nutzen, um seine eigenen Dienste zu verbessern und anderen Unternehmen Dienste anzubieten.<\/p>\n<p data-start=\"24924\" data-end=\"25020\">\u00dcber die angegebenen Links k\u00f6nnen Sie sich \u00fcber diese und weitere Verwendungszwecke informieren.<\/p>\n<p data-start=\"25022\" data-end=\"25592\">Dieses Tool erhebt keine Daten \u00fcber Vor- oder Nachnamen der Nutzer und auch nicht \u00fcber die Postanschrift, von der aus sie sich verbinden. Die erhaltenen Informationen beziehen sich auf die Anzahl der besuchten Seiten, die Sprache, das soziale Netzwerk, in dem unsere Dienste ver\u00f6ffentlicht werden, die der IP-Adresse zugeordnete Stadt, von der aus die Nutzer zugreifen, die Anzahl der Nutzer, die uns besuchen, die H\u00e4ufigkeit und Wiederkehr der Besuche, die Besuchsdauer, den verwendeten Browser, den Betreiber oder die Art des Endger\u00e4ts, von dem aus der Besuch erfolgt.<\/p>\n<p data-start=\"25594\" data-end=\"25809\">Wir verwenden diese Informationen, um unsere Website zu verbessern, neue Bed\u00fcrfnisse zu erkennen und die einzuf\u00fchrenden Verbesserungen zu bewerten, um den Nutzern, die uns besuchen, einen besseren Service zu bieten.<\/p>\n<p data-start=\"25811\" data-end=\"25844\"><strong data-start=\"25811\" data-end=\"25844\">Annahme der Cookie-Richtlinie<\/strong><\/p>\n<p data-start=\"25846\" data-end=\"26137\"><a data-start=\"25846\" data-end=\"25878\" rel=\"noopener\" target=\"_new\" class=\"decorated-link\" href=\"https:\/\/tierrasdelaveracruz.com\/de\/\">https:\/\/tierrasdelaveracruz.com\/<span aria-hidden=\"true\" class=\"ms-0.5 inline-block align-middle leading-none\"><svg xmlns=\"http:\/\/www.w3.org\/2000\/svg\" width=\"20\" height=\"20\" aria-hidden=\"true\" data-rtl-flip=\"\" class=\"block h-[0.75em] w-[0.75em] stroke-current stroke-[0.75]\"><use href=\"\/cdn\/assets\/sprites-core-ftjksuqy.svg#304883\" fill=\"currentColor\"><\/use><\/svg><\/span><\/a>, <a data-start=\"25880\" data-end=\"25900\" rel=\"noopener nofollow\" target=\"_new\" class=\"decorated-link\" href=\"https:\/\/www.itrem.es\">https:\/\/www.itrem.es<span aria-hidden=\"true\" class=\"ms-0.5 inline-block align-middle leading-none\"><svg xmlns=\"http:\/\/www.w3.org\/2000\/svg\" width=\"20\" height=\"20\" aria-hidden=\"true\" data-rtl-flip=\"\" class=\"block h-[0.75em] w-[0.75em] stroke-current stroke-[0.75]\"><use href=\"\/cdn\/assets\/sprites-core-ftjksuqy.svg#304883\" fill=\"currentColor\"><\/use><\/svg><\/span><\/a>, geht davon aus, dass Sie die Verwendung von Cookies akzeptieren. Dennoch werden bei jeder Anmeldung Informationen \u00fcber die Cookie-Richtlinie am unteren oder oberen Rand jeder Seite des Portals angezeigt, damit Sie davon Kenntnis haben.<\/p>\n<p data-start=\"26139\" data-end=\"26677\">Auf Grundlage dieser Informationen k\u00f6nnen folgende Aktionen durchgef\u00fchrt werden:<br data-start=\"26219\" data-end=\"26222\" \/>\u2013 <strong data-start=\"26224\" data-end=\"26248\">Cookies akzeptieren:<\/strong><br data-start=\"26248\" data-end=\"26251\" \/>Dieser Hinweis wird w\u00e4hrend der aktuellen Sitzung beim Zugriff auf \u043b\u044e\u0431\u0443\u044e Seite des Portals nicht erneut angezeigt.<br data-start=\"26365\" data-end=\"26368\" \/>\u2013 <strong data-start=\"26370\" data-end=\"26384\">Schlie\u00dfen:<\/strong><br data-start=\"26384\" data-end=\"26387\" \/>Der Hinweis wird auf der aktuellen Seite ausgeblendet.<br data-start=\"26441\" data-end=\"26444\" \/>\u2013 <strong data-start=\"26446\" data-end=\"26471\">Einstellungen \u00e4ndern:<\/strong><br data-start=\"26471\" data-end=\"26474\" \/>Sie k\u00f6nnen weitere Informationen dar\u00fcber erhalten, was Cookies sind, die Cookie-Richtlinie von <a data-start=\"26569\" data-end=\"26601\" rel=\"noopener\" target=\"_new\" class=\"decorated-link\" href=\"https:\/\/tierrasdelaveracruz.com\/de\/\">https:\/\/tierrasdelaveracruz.com\/<span aria-hidden=\"true\" class=\"ms-0.5 inline-block align-middle leading-none\"><svg xmlns=\"http:\/\/www.w3.org\/2000\/svg\" width=\"20\" height=\"20\" aria-hidden=\"true\" data-rtl-flip=\"\" class=\"block h-[0.75em] w-[0.75em] stroke-current stroke-[0.75]\"><use href=\"\/cdn\/assets\/sprites-core-ftjksuqy.svg#304883\" fill=\"currentColor\"><\/use><\/svg><\/span><\/a>, <a data-start=\"26603\" data-end=\"26623\" rel=\"noopener nofollow\" target=\"_new\" class=\"decorated-link\" href=\"https:\/\/www.itrem.es\">https:\/\/www.itrem.es<span aria-hidden=\"true\" class=\"ms-0.5 inline-block align-middle leading-none\"><svg xmlns=\"http:\/\/www.w3.org\/2000\/svg\" width=\"20\" height=\"20\" aria-hidden=\"true\" data-rtl-flip=\"\" class=\"block h-[0.75em] w-[0.75em] stroke-current stroke-[0.75]\"><use href=\"\/cdn\/assets\/sprites-core-ftjksuqy.svg#304883\" fill=\"currentColor\"><\/use><\/svg><\/span><\/a> einsehen und die Einstellungen Ihres Browsers \u00e4ndern.<\/p>\n<p>[\/et_pb_text][\/et_pb_column][\/et_pb_row][\/et_pb_section]<\/p>\n","protected":false},"excerpt":{"rendered":"<p>INSTITUTO DE TURISMO DE LA REGI\u00d3N DE MURCIA informiert \u00fcber die Verwendung von Cookies auf seinen Websites: https:\/\/tierrasdelaveracruz.com\/, https:\/\/www.itrem.es Was sind Cookies? Cookies sind Dateien, die \u00fcber Webseiten auf Ihr Ger\u00e4t heruntergeladen werden k\u00f6nnen. Sie sind Werkzeuge, die eine wesentliche Rolle bei der Bereitstellung zahlreicher Dienste der Informationsgesellschaft spielen. Unter anderem erm\u00f6glichen sie es einer [&hellip;]<\/p>\n","protected":false},"author":1,"featured_media":0,"parent":0,"menu_order":0,"comment_status":"closed","ping_status":"closed","template":"","meta":{"_acf_changed":false,"_et_pb_use_builder":"on","_et_pb_old_content":"","_et_gb_content_width":"","footnotes":""},"class_list":["post-30644","page","type-page","status-publish","hentry"],"acf":[],"_links":{"self":[{"href":"https:\/\/tierrasdelaveracruz.com\/de\/wp-json\/wp\/v2\/pages\/30644","targetHints":{"allow":["GET"]}}],"collection":[{"href":"https:\/\/tierrasdelaveracruz.com\/de\/wp-json\/wp\/v2\/pages"}],"about":[{"href":"https:\/\/tierrasdelaveracruz.com\/de\/wp-json\/wp\/v2\/types\/page"}],"author":[{"embeddable":true,"href":"https:\/\/tierrasdelaveracruz.com\/de\/wp-json\/wp\/v2\/users\/1"}],"replies":[{"embeddable":true,"href":"https:\/\/tierrasdelaveracruz.com\/de\/wp-json\/wp\/v2\/comments?post=30644"}],"version-history":[{"count":5,"href":"https:\/\/tierrasdelaveracruz.com\/de\/wp-json\/wp\/v2\/pages\/30644\/revisions"}],"predecessor-version":[{"id":30657,"href":"https:\/\/tierrasdelaveracruz.com\/de\/wp-json\/wp\/v2\/pages\/30644\/revisions\/30657"}],"wp:attachment":[{"href":"https:\/\/tierrasdelaveracruz.com\/de\/wp-json\/wp\/v2\/media?parent=30644"}],"curies":[{"name":"wp","href":"https:\/\/api.w.org\/{rel}","templated":true}]}}