{"id":30612,"date":"2025-08-01T14:35:27","date_gmt":"2025-08-01T14:35:27","guid":{"rendered":"https:\/\/tierrasdelaveracruz.com\/rechtlicher-hinweis\/"},"modified":"2026-04-09T15:27:34","modified_gmt":"2026-04-09T15:27:34","slug":"rechtlicher-hinweis","status":"publish","type":"page","link":"https:\/\/tierrasdelaveracruz.com\/de\/rechtlicher-hinweis\/","title":{"rendered":"Rechtlicher Hinweis"},"content":{"rendered":"<p>[et_pb_section fb_built=&#8220;1&#8243; _builder_version=&#8220;4.27.4&#8243; _module_preset=&#8220;default&#8220; custom_margin=&#8220;0px|0px|0px|0px|false|false&#8220; custom_padding=&#8220;0px|0px|0px|0px|false|false&#8220; global_colors_info=&#8220;{}&#8220;][et_pb_row _builder_version=&#8220;4.27.4&#8243; _module_preset=&#8220;default&#8220; width=&#8220;100%&#8220; max_width=&#8220;100%&#8220; custom_margin=&#8220;0px|0px|0px|0px|false|false&#8220; custom_padding=&#8220;10vh|10vw|20vh|10vw|false|false&#8220; global_colors_info=&#8220;{}&#8220;][et_pb_column type=&#8220;4_4&#8243; _builder_version=&#8220;4.27.4&#8243; _module_preset=&#8220;default&#8220; global_colors_info=&#8220;{}&#8220;][et_pb_heading title=&#8220;Rechtlicher Hinweis&#8220; _builder_version=&#8220;4.27.4&#8243; _module_preset=&#8220;default&#8220; title_font_size=&#8220;64px&#8220; hover_enabled=&#8220;0&#8243; global_colors_info=&#8220;{}&#8220; title_font_size_last_edited=&#8220;on|phone&#8220; sticky_enabled=&#8220;0&#8243; title_font_size_tablet=&#8220;54px&#8220; title_font_size_phone=&#8220;36px&#8220;][\/et_pb_heading][et_pb_text _builder_version=&#8220;4.27.4&#8243; _module_preset=&#8220;default&#8220; hover_enabled=&#8220;0&#8243; global_colors_info=&#8220;{}&#8220; sticky_enabled=&#8220;0&#8243;]<\/p>\n<p>Die Website<span> <\/span><a href=\"https:\/\/tierrasdelaveracruz.com\/de\/\" data-insuit-uuid=\"10ba1996-cd9f-4615-95cd-4b3a6b9fb141\">https:\/\/tierrasdelaveracruz.com\/<\/a><span> <\/span>ist Eigentum des INSTITUTO DE TURISMO DE LA REGI\u00d3N DE MURCIA, mit der Steuernummer (NIF) Q3000763G und Sitz in Avda. Juana Jugan, Nr. 2 (Geb\u00e4ude CCT), Postleitzahl 30006, Murcia (Region Murcia). <\/p>\n<p>Sie k\u00f6nnen uns telefonisch unter (+34) 968 357 761 kontaktieren.<\/p>\n<p>Die auf dieser Website ver\u00f6ffentlichten Inhalte dienen ausschlie\u00dflich Informations- oder Verbreitungszwecken und sind m\u00f6glicherweise nicht aktuell. Das INSTITUTO DE TURISMO DE LA REGI\u00d3N DE MURCIA \u00fcbernimmt keine Haftung f\u00fcr m\u00f6gliche Fehler sowie f\u00fcr eine falsche, unangemessene oder rechtswidrige Nutzung der ver\u00f6ffentlichten Informationen.<br \/>Ebenso \u00fcbernimmt das INSTITUTO DE TURISMO DE LA REGI\u00d3N DE MURCIA innerhalb der gesetzlich festgelegten Grenzen keine Verantwortung f\u00fcr die mangelnde Richtigkeit, Vollst\u00e4ndigkeit, Aktualit\u00e4t oder Genauigkeit der auf seinen Webseiten enthaltenen Daten oder Informationen sowie f\u00fcr die konkreten oder vom Nutzer erwarteten Ergebnisse.  <\/p>\n<p>Sollten Sie Fehler feststellen, bitten wir Sie, uns zu kontaktieren.<\/p>\n<p>Die Internetseiten des INSTITUTO DE TURISMO DE LA REGI\u00d3N DE MURCIA k\u00f6nnen Links zu Websites Dritter enthalten, auf deren Inhalte das INSTITUTO DE TURISMO DE LA REGI\u00d3N DE MURCIA keinen Einfluss hat. Daher \u00fcbernimmt das INSTITUTO DE TURISMO DE LA REGI\u00d3N DE MURCIA keine Verantwortung f\u00fcr die Inhalte dieser Drittseiten oder f\u00fcr Informationen zu Produkten, Dienstleistungen oder Aktivit\u00e4ten Dritter, die \u00fcber diese Website angezeigt oder angeboten werden. <\/p>\n<p>&nbsp;<\/p>\n<div class=\"i4t-include-i4t-strong\" role=\"region\" aria-labelledby=\"i4t-id-50ixjq5az\">\n<p class=\"i4t-strong-0 i4t-reference-include\"><strong id=\"i4t-id-50ixjq5az\">Geistiges und gewerbliches Eigentum<\/strong><\/p>\n<p>&nbsp;<\/p>\n<p>Die Texte, Bilder, T\u00f6ne, Animationen, audiovisuellen Inhalte, Datenbanken, Software sowie sonstige Inhalte dieser Website sind ausschlie\u00dfliches Eigentum des INSTITUTO DE TURISMO DE LA REGI\u00d3N DE MURCIA oder seiner Lizenzgeber und durch die geltenden Gesetze gesch\u00fctzt.<br \/>Jede Form der \u00dcbertragung, Verbreitung, Abtretung, Vervielf\u00e4ltigung, Speicherung oder \u00f6ffentlichen Wiedergabe, ganz oder teilweise, bedarf der ausdr\u00fccklichen und schriftlichen Zustimmung des INSTITUTO DE TURISMO DE LA REGI\u00d3N DE MURCIA oder seiner Lizenzgeber. <\/p>\n<p>&nbsp;<\/p>\n<\/div>\n<div class=\"i4t-include-i4t-strong\" role=\"region\" aria-labelledby=\"i4t-id-9ev3h84pn\">\n<p class=\"i4t-strong-1 i4t-reference-include\"><strong id=\"i4t-id-9ev3h84pn\">Datenschutz<\/strong><\/p>\n<p>&nbsp;<\/p>\n<p>Um auf bestimmte Dienstleistungen zugreifen zu k\u00f6nnen, die das INSTITUTO DE TURISMO DE LA REGI\u00d3N DE MURCIA \u00fcber diese Website anbietet, kann es erforderlich sein, dass Sie personenbezogene Daten angeben.<br \/>Gem\u00e4\u00df der Verordnung (EU) 2016\/679 des Europ\u00e4ischen Parlaments und des Rates vom 27. April 2016 zum Schutz nat\u00fcrlicher Personen bei der Verarbeitung personenbezogener Daten und zum freien Datenverkehr sowie dem spanischen Organgesetz 3\/2018 vom 5. Dezember zum Schutz personenbezogener Daten und zur Gew\u00e4hrleistung digitaler Rechte informieren wir Sie, dass die \u00fcber diese Website erhobenen Daten, einschlie\u00dflich solcher, die \u00fcber Cookies oder vergleichbare Technologien erfasst werden, in den Systemen des INSTITUTO DE TURISMO DE LA REGI\u00d3N DE MURCIA oder Dritter unter Einhaltung aller gesetzlichen Garantien verarbeitet werden. <\/p>\n<p>Weitere Informationen zur Verarbeitung Ihrer Daten finden Sie in unserer <a href=\"https:\/\/tierrasdelaveracruz.com\/de\/politica-de-privacidad\/\" data-insuit-uuid=\"bd1768dc-7bc2-4c95-9c5e-ea43dbe4633e\">Datenschutzerkl\u00e4rung <\/a>und unserer <a href=\"https:\/\/tierrasdelaveracruz.com\/de\/politica-de-cookies\/\" data-insuit-uuid=\"db849f39-f8c1-483c-acfc-76b7ce4dcbad\">Cookie-Richtlinie<\/a>.<\/p>\n<p>&nbsp;<\/p>\n<\/div>\n<div class=\"i4t-include-i4t-strong\" role=\"region\" aria-labelledby=\"i4t-id-o9oi1lphx\">\n<p class=\"i4t-strong-2 i4t-reference-include\"><strong id=\"i4t-id-o9oi1lphx\">Nutzung des Chatbots<\/strong><\/p>\n<p>&nbsp;<\/p>\n<p>Diese Website enth\u00e4lt ein kostenloses Chatbot-System, das es den Nutzern erm\u00f6glicht, Informationen \u00fcber Aktivit\u00e4ten, Erlebnisse, Veranstaltungen, Reisen, Aufenthalte und andere praktische Informationen zum Tourismus in der Region Murcia zu erhalten.<br \/>Der Chatbot funktioniert mithilfe von k\u00fcnstlicher Intelligenz und basiert auf ChatGPT des Unternehmens OpenAI. Der Nutzer interagiert somit mit einem zuvor trainierten und konfigurierten Computersystem, das Informationen zu den oben genannten Inhalten bereitstellt.<br \/>Soweit das System auf ChatGPT basiert, gelten mangels abweichender Bestimmungen in diesen rechtlichen Bedingungen die  <span> <\/span><a href=\"https:\/\/openai.com\/policies\/terms-of-use\/\" data-insuit-uuid=\"76842727-dedf-44c3-917a-85ba62f71a6a\" target=\"_blank\" rel=\"noopener nofollow\">Nutzungsbedingungen<\/a><span> <\/span>und<span> <\/span><a href=\"https:\/\/openai.com\/es-ES\/policies\/eu-privacy-policy\/\" data-insuit-uuid=\"1d493d90-ba10-4a6b-88dd-b58c9a986a9f\" target=\"_blank\" rel=\"noopener nofollow\">Datenschutzrichtlinien<\/a><span> <\/span>von OpenAI.<\/p>\n<p>Die Nutzung des Chatbots unterliegt insbesondere den folgenden Bedingungen, die der Nutzer mit der Nutzung des Dienstes akzeptiert. Wenn der Nutzer diese nicht akzeptiert, hat er von der Nutzung des Chatbots abzusehen. <\/p>\n<p>&nbsp;<\/p>\n<ul>\n<li>Die Nutzung des Chatbots erfolgt ausschlie\u00dflich auf eigene Verantwortung des Nutzers, der erkl\u00e4rt, vollj\u00e4hrig und rechtlich in der Lage zu sein, die sich aus der Nutzung ergebenden Verpflichtungen und Verantwortlichkeiten zu \u00fcbernehmen. Bei Minderj\u00e4hrigen muss die Nutzung von den Eltern oder gesetzlichen Vertretern genehmigt werden und liegt in deren Verantwortung. <\/li>\n<li>er Chatbot dient ausschlie\u00dflich der Bereitstellung von Informationen zum Tourismus in der Region Murcia. Wie bei jedem System k\u00fcnstlicher Intelligenz k\u00f6nnen die bereitgestellten Ergebnisse und Informationen jedoch \u00fcber diesen Zweck hinausgehen und h\u00e4ngen ma\u00dfgeblich von der Formulierung der Fragen sowie der Steuerung durch den Nutzer ab.<br \/>Das INSTITUTO DE TURISMO DE LA REGI\u00d3N DE MURCIA hat entsprechende Tests und Pr\u00fcfungen durchgef\u00fchrt, um die Nutzung des Chatbots zu begrenzen, kann jedoch keine Garantie f\u00fcr unerwartete, unvorhersehbare oder vom vorgesehenen Zweck abweichende Ergebnisse \u00fcbernehmen und haftet nicht f\u00fcr daraus entstehende Sch\u00e4den oder Nachteile, weder eigene noch die Dritter, bei nicht bestimmungsgem\u00e4\u00dfer Nutzung.  <\/li>\n<li>Die vom Chatbot bereitgestellten Informationen sind nicht notwendigerweise vollst\u00e4ndig, umfassend oder g\u00fcltig. Das INSTITUTO DE TURISMO DE LA REGI\u00d3N DE MURCIA \u00fcbernimmt keine Gew\u00e4hr f\u00fcr diese Aspekte oder f\u00fcr die Eignung der Antworten f\u00fcr bestimmte Zwecke, \u00fcber eine reine Informations- oder Orientierungshilfe hinaus.<br \/>Der Chatbot verf\u00fcgt \u00fcber eine Inhaltsmoderation, jedoch werden die Inhalte vor ihrer Bereitstellung an den Nutzer nicht menschlich \u00fcberpr\u00fcft.  <\/li>\n<li>Der Nutzer verpflichtet sich, den Chatbot ausschlie\u00dflich f\u00fcr die in diesen Bedingungen vorgesehenen Zwecke, nach Treu und Glauben und im Einklang mit der geltenden Gesetzgebung zu nutzen. Insbesondere ist es untersagt, rechtswidrige Inhalte oder solche, die Rechte oder Interessen Dritter verletzen, einzugeben, insbesondere in Bezug auf Datenschutz, Ehre, Privatsph\u00e4re und eigenes Bild, geistiges und gewerbliches Eigentum, Vertraulichkeit, Gesch\u00e4ftsgeheimnisse oder \u00e4hnliche Bereiche, sowie personenbezogene Daten, eigene oder die Dritter, einzugeben.<br \/>Die Nutzung des Chatbots setzt voraus, dass die vom Nutzer eingegebenen Daten sp\u00e4ter f\u00fcr Training, Validierung und Verbesserung des Chatbots verwendet werden k\u00f6nnen. <\/li>\n<li>Der Nutzer erkennt an und akzeptiert, dass diese Daten, ordnungsgem\u00e4\u00df anonymisiert und unter Anwendung geeigneter Sicherheitsma\u00dfnahmen, von Iurban Digital Tourism, S.L., mit der Steuernummer B93470094 und Sitz in Calle Steve Jobs 27, B\u00fcro 9, 29590 M\u00e1laga (Spanien), verwendet werden k\u00f6nnen, um den Service zu verbessern und die Antworten im Interesse des INSTITUTO DE TURISMO DE LA REGI\u00d3N DE MURCIA zu optimieren, und dass sie in den IT-Systemen von OpenAI, L.L.C., mit Sitz in 3180 18th St., San Francisco, California 94110 (USA), gespeichert werden, was eine internationale Daten\u00fcbermittlung beinhaltet.<br \/>Die Gespr\u00e4che werden ausschlie\u00dflich im Browser des Nutzers f\u00fcr einen Zeitraum von drei\u00dfig Tagen gespeichert.<br \/>Sie k\u00f6nnen Ihre Rechte auf Auskunft, Berichtigung, Widerspruch, L\u00f6schung, Einschr\u00e4nkung der Verarbeitung und gegebenenfalls Daten\u00fcbertragbarkeit unter den gesetzlich vorgesehenen Bedingungen aus\u00fcben, indem Sie eine schriftliche Anfrage an folgende E-Mail-Adresse senden: <a href=\"mailto:protecciondatositrem@listas.carm.es\" data-insuit-uuid=\"08dec487-ee3a-479a-b456-658b8bf5c711\">protecciondatositrem@listas.carm.es<\/a>.<br \/>Wir informieren Sie au\u00dferdem dar\u00fcber, dass Sie bei der spanischen Datenschutzbeh\u00f6rde eine Beschwerde einreichen k\u00f6nnen, wenn Sie der Ansicht sind, dass die Verarbeitung Ihrer Daten nicht ordnungsgem\u00e4\u00df erfolgt.  <\/li>\n<li>Die Funktionsweise und Konfiguration des Chatbots k\u00f6nnen \u00c4nderungen, Aktualisierungen und Verbesserungen unterliegen. Das INSTITUTO DE TURISMO DE LA REGI\u00d3N DE MURCIA beh\u00e4lt sich das Recht vor, den Betrieb des Chatbots aus diesen Gr\u00fcnden einzuschr\u00e4nken, auszusetzen oder zu blockieren. <\/li>\n<li>Die Nichteinhaltung dieser Bedingungen f\u00fchrt zum Ausschluss des Nutzers vom Chatbot. Im Falle der Feststellung m\u00f6glicher Straftaten werden die zust\u00e4ndigen Beh\u00f6rden informiert. <\/li>\n<\/ul>\n<\/div>\n<p>[\/et_pb_text][\/et_pb_column][\/et_pb_row][\/et_pb_section]<\/p>\n","protected":false},"excerpt":{"rendered":"<p>Die Website https:\/\/tierrasdelaveracruz.com\/ ist Eigentum des INSTITUTO DE TURISMO DE LA REGI\u00d3N DE MURCIA, mit der Steuernummer (NIF) Q3000763G und Sitz in Avda. Juana Jugan, Nr. 2 (Geb\u00e4ude CCT), Postleitzahl 30006, Murcia (Region Murcia). Sie k\u00f6nnen uns telefonisch unter (+34) 968 357 761 kontaktieren. Die auf dieser Website ver\u00f6ffentlichten Inhalte dienen ausschlie\u00dflich Informations- oder Verbreitungszwecken [&hellip;]<\/p>\n","protected":false},"author":1,"featured_media":0,"parent":0,"menu_order":0,"comment_status":"closed","ping_status":"closed","template":"","meta":{"_acf_changed":false,"_et_pb_use_builder":"on","_et_pb_old_content":"","_et_gb_content_width":"","footnotes":""},"class_list":["post-30612","page","type-page","status-publish","hentry"],"acf":[],"_links":{"self":[{"href":"https:\/\/tierrasdelaveracruz.com\/de\/wp-json\/wp\/v2\/pages\/30612","targetHints":{"allow":["GET"]}}],"collection":[{"href":"https:\/\/tierrasdelaveracruz.com\/de\/wp-json\/wp\/v2\/pages"}],"about":[{"href":"https:\/\/tierrasdelaveracruz.com\/de\/wp-json\/wp\/v2\/types\/page"}],"author":[{"embeddable":true,"href":"https:\/\/tierrasdelaveracruz.com\/de\/wp-json\/wp\/v2\/users\/1"}],"replies":[{"embeddable":true,"href":"https:\/\/tierrasdelaveracruz.com\/de\/wp-json\/wp\/v2\/comments?post=30612"}],"version-history":[{"count":6,"href":"https:\/\/tierrasdelaveracruz.com\/de\/wp-json\/wp\/v2\/pages\/30612\/revisions"}],"predecessor-version":[{"id":30681,"href":"https:\/\/tierrasdelaveracruz.com\/de\/wp-json\/wp\/v2\/pages\/30612\/revisions\/30681"}],"wp:attachment":[{"href":"https:\/\/tierrasdelaveracruz.com\/de\/wp-json\/wp\/v2\/media?parent=30612"}],"curies":[{"name":"wp","href":"https:\/\/api.w.org\/{rel}","templated":true}]}}